{"id":4545,"date":"2024-06-22T16:41:03","date_gmt":"2024-06-22T14:41:03","guid":{"rendered":"https:\/\/onlinemarketing.one\/gtc\/"},"modified":"2024-08-23T09:45:37","modified_gmt":"2024-08-23T07:45:37","slug":"gtc","status":"publish","type":"page","link":"https:\/\/onlinemarketing.one\/es\/tienda\/gtc\/","title":{"rendered":"GTC"},"content":{"rendered":"<h1><strong>Condiciones generales de contrataci\u00f3n (AGB)<\/strong><\/h1>\n<p>1<strong>. generalidades<\/strong> 1.1 Las presentes Condiciones Generales de Contrataci\u00f3n (CGC) se aplican a todos los contratos celebrados entre CXMXO UG (haftungsbeschr\u00e4nkt), Hansaring 1, 50670 Colonia, Alemania (en lo sucesivo, el \u00abVendedor\u00bb), y el cliente (en lo sucesivo, el \u00abCliente\u00bb) a trav\u00e9s de la tienda en l\u00ednea en el sitio web https:\/\/onlinemarketing.one. 1.2 Las condiciones divergentes del Cliente no ser\u00e1n reconocidas a menos que el Vendedor acepte expresamente su validez por escrito.<\/p>\n<p>2 <strong>Objeto del contrato<\/strong> 2.1 El vendedor pone a la venta diversas herramientas de marketing (en lo sucesivo, \u00abherramientas\u00bb) a trav\u00e9s de su tienda en l\u00ednea. 2.2 Las herramientas est\u00e1n disponibles en formato digital y el cliente recibe una licencia de uso de las mismas una vez realizada la compra.<\/p>\n<p>3 <strong>Conclusi\u00f3n del contrato<\/strong> 3.1 La presentaci\u00f3n de las herramientas en la tienda en l\u00ednea no constituye una oferta jur\u00eddicamente vinculante, sino una invitaci\u00f3n a realizar un pedido. 3.2 Al hacer clic en el bot\u00f3n \u00abComprar\u00bb, el cliente presenta una oferta vinculante de compra de las herramientas de la cesta de la compra. 3.3 El contrato se perfecciona cuando el vendedor acepta el pedido del cliente mediante el env\u00edo de una confirmaci\u00f3n de pedido por correo electr\u00f3nico.<\/p>\n<p>4 <strong>Entrega y uso<\/strong> 4.1 Las herramientas se entregar\u00e1n en formato digital mediante un enlace de descarga o por correo electr\u00f3nico. 4.2 El cliente recibe una licencia simple e intransferible para utilizar las herramientas para sus propios fines. 4.3 El cliente no est\u00e1 autorizado a revender, alquilar, arrendar o transferir de otro modo las herramientas a terceros para su uso.<\/p>\n<p>5 <strong>Precios y condiciones de pago<\/strong> 5.1 Todos los precios son precios finales e incluyen el IVA. 5.2 El pago puede realizarse mediante PayPal, tarjeta de cr\u00e9dito u otros m\u00e9todos de pago ofrecidos en la tienda en l\u00ednea.<\/p>\n<p><strong>6<\/strong>.1 Los clientes que sean consumidores tendr\u00e1n derecho de desistimiento conforme a las disposiciones legales. 6.2 El derecho de desistimiento caducar\u00e1 en los contratos de suministro de contenidos digitales (incluido software) que no se entreguen en un soporte f\u00edsico de datos si el vendedor ha comenzado a ejecutar el contrato despu\u00e9s de que el cliente haya aceptado expresamente que el vendedor comience a ejecutar el contrato antes de que expire el plazo de desistimiento y el cliente haya confirmado su conocimiento de que pierde su derecho de desistimiento mediante su consentimiento con el comienzo de la ejecuci\u00f3n del contrato. 6.3 El derecho de rescisi\u00f3n queda excluido si el cliente es un empresario en el sentido del art\u00edculo 14 del C\u00f3digo Civil alem\u00e1n (BGB).<\/p>\n<p>7 <strong>Garant\u00eda y responsabilidad<\/strong> 7.1 Se aplicar\u00e1n los derechos de garant\u00eda legales. 7.2 El vendedor no asume ninguna responsabilidad por la compatibilidad de las herramientas con el entorno inform\u00e1tico del cliente. El cliente es responsable de comprobar los requisitos t\u00e9cnicos antes de la compra. 7.3 El vendedor s\u00f3lo ser\u00e1 responsable, sin limitaci\u00f3n alguna, en caso de dolo y negligencia grave. 7.4 El vendedor s\u00f3lo responder\u00e1 por negligencia leve en caso de incumplimiento de una obligaci\u00f3n contractual esencial, cuyo cumplimiento sea esencial para la correcta ejecuci\u00f3n del contrato y en cuya observancia pueda confiar regularmente el cliente. En este caso, la responsabilidad del vendedor se limitar\u00e1 a los da\u00f1os previsibles t\u00edpicos del contrato. 7.5 El vendedor no es responsable de los da\u00f1os causados por un uso inadecuado de las herramientas o por el incumplimiento de las instrucciones de uso. 7.6 El vendedor no se hace responsable de la p\u00e9rdida de datos ni de los da\u00f1os causados por fallos t\u00e9cnicos o por un manejo inadecuado de las herramientas por parte del cliente.<\/p>\n<p>8 <strong>Modificaciones de las CGC<\/strong> 8.1 El vendedor se reserva el derecho a modificar estas CGC en cualquier momento. Las modificaciones se notificar\u00e1n al cliente en forma de texto. 8.2 Si el cliente no se opone a las modificaciones en un plazo de 14 d\u00edas a partir de la recepci\u00f3n de la notificaci\u00f3n de modificaci\u00f3n, se considerar\u00e1 que las modificaciones han sido aceptadas.<\/p>\n<p><strong>9<\/strong>.1 Se aplicar\u00e1 el derecho de la Rep\u00fablica Federal de Alemania, con exclusi\u00f3n de la Convenci\u00f3n de las Naciones Unidas sobre los Contratos de Compraventa Internacional de Mercader\u00edas. 9.2 Si el cliente es un comerciante, una persona jur\u00eddica de derecho p\u00fablico o un patrimonio especial de derecho p\u00fablico, el fuero competente para todos los litigios derivados de las relaciones contractuales entre el cliente y el vendedor ser\u00e1 el domicilio social del vendedor. 9.3 Si alguna de las disposiciones de estas CGC fuera o llegara a ser inv\u00e1lida, la validez del resto de disposiciones no se ver\u00e1 afectada.<\/p>\n<p><strong>Informaci\u00f3n de contacto<\/strong> CXMXO UG (haftungsbeschr\u00e4nkt)<br \/>\nHansaring 1, 50670 Colonia<\/p>\n<p>Correo electr\u00f3nico: <a rel=\"noreferrer\">office@onlinemarketing.one<\/a><\/p>\n<p>Situaci\u00f3n: junio de 2024<\/p>\n","protected":false},"excerpt":{"rendered":"<p>Condiciones generales de contrataci\u00f3n (AGB) 1. generalidades 1.1 Las presentes Condiciones Generales de Contrataci\u00f3n (CGC) se aplican a todos los contratos celebrados entre CXMXO UG (haftungsbeschr\u00e4nkt), Hansaring 1, 50670 Colonia, Alemania (en lo sucesivo, el \u00abVendedor\u00bb), y el cliente (en lo sucesivo, el \u00abCliente\u00bb) a trav\u00e9s de la tienda en l\u00ednea en el sitio web [&hellip;]<\/p>\n","protected":false},"author":1,"featured_media":0,"parent":4529,"menu_order":0,"comment_status":"closed","ping_status":"closed","template":"","meta":{"pmpro_default_level":"","footnotes":""},"class_list":["post-4545","page","type-page","status-publish","hentry","pmpro-has-access"],"yoast_head":"<!-- This site is optimized with the Yoast SEO Premium plugin v22.9 (Yoast SEO v25.6) - https:\/\/yoast.com\/wordpress\/plugins\/seo\/ -->\n<title>GTC - Online Marketing One<\/title>\n<meta name=\"robots\" content=\"index, follow, max-snippet:-1, max-image-preview:large, max-video-preview:-1\" \/>\n<link rel=\"canonical\" href=\"https:\/\/onlinemarketing.one\/es\/tienda\/gtc\/\" \/>\n<meta property=\"og:locale\" content=\"es_ES\" \/>\n<meta property=\"og:type\" content=\"article\" \/>\n<meta property=\"og:title\" content=\"GTC\" \/>\n<meta property=\"og:description\" content=\"Condiciones generales de contrataci\u00f3n (AGB) 1. generalidades 1.1 Las presentes Condiciones Generales de Contrataci\u00f3n (CGC) se aplican a todos los\" \/>\n<meta property=\"og:url\" content=\"https:\/\/onlinemarketing.one\/es\/tienda\/gtc\/\" \/>\n<meta property=\"og:site_name\" content=\"Online Marketing One\" \/>\n<meta property=\"article:modified_time\" content=\"2024-08-23T07:45:37+00:00\" \/>\n<meta property=\"og:image\" content=\"https:\/\/onlinemarketing.one\/wp-content\/uploads\/2024\/06\/plugin-wordpress-seo-link-building-automatic-banner.jpg\" \/>\n\t<meta property=\"og:image:width\" content=\"1920\" \/>\n\t<meta property=\"og:image:height\" content=\"800\" \/>\n\t<meta property=\"og:image:type\" content=\"image\/jpeg\" \/>\n<meta name=\"twitter:card\" content=\"summary_large_image\" \/>\n<script type=\"application\/ld+json\" class=\"yoast-schema-graph\">{\"@context\":\"https:\/\/schema.org\",\"@graph\":[{\"@type\":\"WebPage\",\"@id\":\"https:\/\/onlinemarketing.one\/es\/tienda\/gtc\/\",\"url\":\"https:\/\/onlinemarketing.one\/es\/tienda\/gtc\/\",\"name\":\"GTC - Online Marketing One\",\"isPartOf\":{\"@id\":\"https:\/\/onlinemarketing.one\/es\/#website\"},\"datePublished\":\"2024-06-22T14:41:03+00:00\",\"dateModified\":\"2024-08-23T07:45:37+00:00\",\"breadcrumb\":{\"@id\":\"https:\/\/onlinemarketing.one\/es\/tienda\/gtc\/#breadcrumb\"},\"inLanguage\":\"es\",\"potentialAction\":[{\"@type\":\"ReadAction\",\"target\":[\"https:\/\/onlinemarketing.one\/es\/tienda\/gtc\/\"]}]},{\"@type\":\"BreadcrumbList\",\"@id\":\"https:\/\/onlinemarketing.one\/es\/tienda\/gtc\/#breadcrumb\",\"itemListElement\":[{\"@type\":\"ListItem\",\"position\":1,\"name\":\"Home\",\"item\":\"https:\/\/onlinemarketing.one\/es\/\"},{\"@type\":\"ListItem\",\"position\":2,\"name\":\"Tienda\",\"item\":\"https:\/\/onlinemarketing.one\/es\/tienda\/\"},{\"@type\":\"ListItem\",\"position\":3,\"name\":\"GTC\"}]},{\"@type\":\"WebSite\",\"@id\":\"https:\/\/onlinemarketing.one\/es\/#website\",\"url\":\"https:\/\/onlinemarketing.one\/es\/\",\"name\":\"Online Marketing One\",\"description\":\"WordPress SEO Plugin &amp; Wissen\",\"publisher\":{\"@id\":\"https:\/\/onlinemarketing.one\/es\/#organization\"},\"potentialAction\":[{\"@type\":\"SearchAction\",\"target\":{\"@type\":\"EntryPoint\",\"urlTemplate\":\"https:\/\/onlinemarketing.one\/es\/?s={search_term_string}\"},\"query-input\":{\"@type\":\"PropertyValueSpecification\",\"valueRequired\":true,\"valueName\":\"search_term_string\"}}],\"inLanguage\":\"es\"},{\"@type\":\"Organization\",\"@id\":\"https:\/\/onlinemarketing.one\/es\/#organization\",\"name\":\"Online Marketing One | WordPress SEO Plugin\",\"url\":\"https:\/\/onlinemarketing.one\/es\/\",\"logo\":{\"@type\":\"ImageObject\",\"inLanguage\":\"es\",\"@id\":\"https:\/\/onlinemarketing.one\/es\/#\/schema\/logo\/image\/\",\"url\":\"https:\/\/onlinemarketing.one\/wp-content\/uploads\/2024\/06\/plugin-wordpress-seo-link-building-automatic.jpg\",\"contentUrl\":\"https:\/\/onlinemarketing.one\/wp-content\/uploads\/2024\/06\/plugin-wordpress-seo-link-building-automatic.jpg\",\"width\":480,\"height\":480,\"caption\":\"Online Marketing One | WordPress SEO Plugin\"},\"image\":{\"@id\":\"https:\/\/onlinemarketing.one\/es\/#\/schema\/logo\/image\/\"},\"sameAs\":[\"https:\/\/www.instagram.com\/lukinski\/\",\"https:\/\/www.youtube.com\/channel\/UCzOLH93prKp0eKVUaQVK_Tw\"]}]}<\/script>\n<!-- \/ Yoast SEO Premium plugin. -->","yoast_head_json":{"title":"GTC - Online Marketing One","robots":{"index":"index","follow":"follow","max-snippet":"max-snippet:-1","max-image-preview":"max-image-preview:large","max-video-preview":"max-video-preview:-1"},"canonical":"https:\/\/onlinemarketing.one\/es\/tienda\/gtc\/","og_locale":"es_ES","og_type":"article","og_title":"GTC","og_description":"Condiciones generales de contrataci\u00f3n (AGB) 1. generalidades 1.1 Las presentes Condiciones Generales de Contrataci\u00f3n (CGC) se aplican a todos los","og_url":"https:\/\/onlinemarketing.one\/es\/tienda\/gtc\/","og_site_name":"Online Marketing One","article_modified_time":"2024-08-23T07:45:37+00:00","og_image":[{"width":1920,"height":800,"url":"https:\/\/onlinemarketing.one\/wp-content\/uploads\/2024\/06\/plugin-wordpress-seo-link-building-automatic-banner.jpg","type":"image\/jpeg"}],"twitter_card":"summary_large_image","schema":{"@context":"https:\/\/schema.org","@graph":[{"@type":"WebPage","@id":"https:\/\/onlinemarketing.one\/es\/tienda\/gtc\/","url":"https:\/\/onlinemarketing.one\/es\/tienda\/gtc\/","name":"GTC - Online Marketing One","isPartOf":{"@id":"https:\/\/onlinemarketing.one\/es\/#website"},"datePublished":"2024-06-22T14:41:03+00:00","dateModified":"2024-08-23T07:45:37+00:00","breadcrumb":{"@id":"https:\/\/onlinemarketing.one\/es\/tienda\/gtc\/#breadcrumb"},"inLanguage":"es","potentialAction":[{"@type":"ReadAction","target":["https:\/\/onlinemarketing.one\/es\/tienda\/gtc\/"]}]},{"@type":"BreadcrumbList","@id":"https:\/\/onlinemarketing.one\/es\/tienda\/gtc\/#breadcrumb","itemListElement":[{"@type":"ListItem","position":1,"name":"Home","item":"https:\/\/onlinemarketing.one\/es\/"},{"@type":"ListItem","position":2,"name":"Tienda","item":"https:\/\/onlinemarketing.one\/es\/tienda\/"},{"@type":"ListItem","position":3,"name":"GTC"}]},{"@type":"WebSite","@id":"https:\/\/onlinemarketing.one\/es\/#website","url":"https:\/\/onlinemarketing.one\/es\/","name":"Online Marketing One","description":"WordPress SEO Plugin &amp; Wissen","publisher":{"@id":"https:\/\/onlinemarketing.one\/es\/#organization"},"potentialAction":[{"@type":"SearchAction","target":{"@type":"EntryPoint","urlTemplate":"https:\/\/onlinemarketing.one\/es\/?s={search_term_string}"},"query-input":{"@type":"PropertyValueSpecification","valueRequired":true,"valueName":"search_term_string"}}],"inLanguage":"es"},{"@type":"Organization","@id":"https:\/\/onlinemarketing.one\/es\/#organization","name":"Online Marketing One | WordPress SEO Plugin","url":"https:\/\/onlinemarketing.one\/es\/","logo":{"@type":"ImageObject","inLanguage":"es","@id":"https:\/\/onlinemarketing.one\/es\/#\/schema\/logo\/image\/","url":"https:\/\/onlinemarketing.one\/wp-content\/uploads\/2024\/06\/plugin-wordpress-seo-link-building-automatic.jpg","contentUrl":"https:\/\/onlinemarketing.one\/wp-content\/uploads\/2024\/06\/plugin-wordpress-seo-link-building-automatic.jpg","width":480,"height":480,"caption":"Online Marketing One | WordPress SEO Plugin"},"image":{"@id":"https:\/\/onlinemarketing.one\/es\/#\/schema\/logo\/image\/"},"sameAs":["https:\/\/www.instagram.com\/lukinski\/","https:\/\/www.youtube.com\/channel\/UCzOLH93prKp0eKVUaQVK_Tw"]}]}},"_links":{"self":[{"href":"https:\/\/onlinemarketing.one\/es\/wp-json\/wp\/v2\/pages\/4545"}],"collection":[{"href":"https:\/\/onlinemarketing.one\/es\/wp-json\/wp\/v2\/pages"}],"about":[{"href":"https:\/\/onlinemarketing.one\/es\/wp-json\/wp\/v2\/types\/page"}],"author":[{"embeddable":true,"href":"https:\/\/onlinemarketing.one\/es\/wp-json\/wp\/v2\/users\/1"}],"replies":[{"embeddable":true,"href":"https:\/\/onlinemarketing.one\/es\/wp-json\/wp\/v2\/comments?post=4545"}],"version-history":[{"count":0,"href":"https:\/\/onlinemarketing.one\/es\/wp-json\/wp\/v2\/pages\/4545\/revisions"}],"up":[{"embeddable":true,"href":"https:\/\/onlinemarketing.one\/es\/wp-json\/wp\/v2\/pages\/4529"}],"wp:attachment":[{"href":"https:\/\/onlinemarketing.one\/es\/wp-json\/wp\/v2\/media?parent=4545"}],"curies":[{"name":"wp","href":"https:\/\/api.w.org\/{rel}","templated":true}]}}