{"id":4581,"date":"2024-07-20T14:17:21","date_gmt":"2024-07-20T12:17:21","guid":{"rendered":"https:\/\/onlinemarketing.one\/plugin-wordpress-kpi-calculadora-de-marketing\/"},"modified":"2024-08-23T09:49:01","modified_gmt":"2024-08-23T07:49:01","slug":"plugin-wordpress-kpi-calculadora-de-marketing","status":"publish","type":"page","link":"https:\/\/onlinemarketing.one\/es\/plugins\/plugin-wordpress-kpi-calculadora-de-marketing\/","title":{"rendered":"Plugin WordPress KPI Calculadora de Marketing"},"content":{"rendered":"\n<style type=\"text\/css\" data-created_by=\"avia_inline_auto\" id=\"style-css-av-4nbypg-4a9db4a9abcd2ac800079b00d2d14909\">\n.avia-section.av-4nbypg-4a9db4a9abcd2ac800079b00d2d14909{\nbackground-repeat:no-repeat;\nbackground-image:url(https:\/\/onlinemarketing.one\/wp-content\/uploads\/2024\/07\/wordpress-plugin-marketing-kpi-rechner-cpc-cpm-cpl-tool-banner.jpg);\nbackground-position:50% 50%;\nbackground-attachment:scroll;\n}\n<\/style>\n<div id='av_section_1'  class='avia-section av-4nbypg-4a9db4a9abcd2ac800079b00d2d14909 main_color avia-section-default avia-no-border-styling  avia-builder-el-0  el_before_av_section  avia-builder-el-first  avia-full-stretch avia-bg-style-scroll av-minimum-height av-minimum-height-75  container_wrap fullsize'  data-section-bg-repeat='stretch' data-av_minimum_height_pc='75'><div class='container av-section-cont-open' ><main  role=\"main\" itemprop=\"mainContentOfPage\"  class='template-page content  av-content-full alpha units'><div class='post-entry post-entry-type-page post-entry-4581'><div class='entry-content-wrapper clearfix'>\n\n<style type=\"text\/css\" data-created_by=\"avia_inline_auto\" id=\"style-css-av-lyu3bfkm-590419c9c41f3b9ab320b14df8e2ea03\">\n#top .av_textblock_section.av-lyu3bfkm-590419c9c41f3b9ab320b14df8e2ea03 .avia_textblock{\ncolor:#ffffff;\n}\n<\/style>\n<section  class='av_textblock_section av-lyu3bfkm-590419c9c41f3b9ab320b14df8e2ea03'  itemscope=\"itemscope\" itemtype=\"https:\/\/schema.org\/CreativeWork\" ><div class='avia_textblock av_inherit_color'  itemprop=\"text\" ><p class=\"text-teaser-white\">WordPress<br \/>\nPlugin KPI<br \/>\nMarketing<br \/>\nCalculadora<\/p>\n<p class=\"text-teaser-white-sub\">S\u00f3lo <strong>29 euros <\/strong>sin IVA (pago \u00fanico)<\/p>\n<\/div><\/section>\n<div  class='avia-button-wrap av-2lm2l0-41eb26d1b5f1792885c9207186c2a7ac-wrap avia-button-left  avia-builder-el-2  el_after_av_textblock  avia-builder-el-last ' ><a href='https:\/\/onlinemarketing.one\/shop\/kasse\/?add-to-cart=4069'  class='avia-button av-2lm2l0-41eb26d1b5f1792885c9207186c2a7ac avia-icon_select-no avia-size-x-large avia-position-left avia-color-theme-color' ><span class='avia_iconbox_title' >jetzt kaufen<\/span><\/a><\/div>\n\n<\/div><\/div><\/main><!-- close content main element --><\/div><\/div><div id='av_section_2'  class='avia-section av-33j06c-6c59243efc2585543cff5f8e921a700c main_color avia-section-default avia-no-border-styling  avia-builder-el-3  el_after_av_section  avia-builder-el-last  avia-bg-style-scroll container_wrap fullsize'  ><div class='container av-section-cont-open' ><div class='template-page content  av-content-full alpha units'><div class='post-entry post-entry-type-page post-entry-4581'><div class='entry-content-wrapper clearfix'>\n<section  class='av_textblock_section av-lyu3b0dw-956ca10d04ea4bfab416eb1ea57694ce'  itemscope=\"itemscope\" itemtype=\"https:\/\/schema.org\/CreativeWork\" ><div class='avia_textblock'  itemprop=\"text\" ><h2>Descargar ahora<\/h2>\n<p><img decoding=\"async\" class=\"alignright\" style=\"border-radius: 50%; width: 135px; height: 135px;\" src=\"https:\/\/onlinemarketing.one\/wp-content\/uploads\/2024\/06\/stephan-czaja-wordpress-seo-plugin-online-marketing-one-casual.jpg\" alt=\"\" \/><\/p>\n<p>Aumente el tiempo de permanencia de su sitio web de marketing con estas pr\u00e1cticas miniherramientas para los KPI m\u00e1s importantes en torno a CPC, CPM y muchos m\u00e1s.<\/p>\n<p>Listo en unos segundos con WordPress Shortcode:<\/p>\n<ul>\n<li>C\u00f3digo corto frontend para sus visitantes [ lukinski_marketing_calculator ]<\/li>\n<\/ul>\n<h2>Calculadora de KPI de marketing: Ejemplo<\/h2>\n<p>Este es el aspecto de las calculadoras de su sitio web:<\/p>\n    <div id=\"marketing-calculator-container\">\n        <select id=\"marketing-calculator-select\" style=\"max-width: 500px;\">\n            <option value=\"\">Select Calculator<\/option>\n                            <option value=\"https:\/\/onlinemarketing.one\/tool\/marketing-cac.html\">Customer Acquisition Cost (CAC)<\/option>\n                            <option value=\"https:\/\/onlinemarketing.one\/tool\/marketing-cpc.html\">Cost Per Click (CPC)<\/option>\n                            <option value=\"https:\/\/onlinemarketing.one\/tool\/marketing-cpl.html\">Cost Per Lead (CPL)<\/option>\n                            <option value=\"https:\/\/onlinemarketing.one\/tool\/marketing-cpm.html\">Cost Per Thousand Impressions (CPM)<\/option>\n                            <option value=\"https:\/\/onlinemarketing.one\/tool\/marketing-cr.html\">Conversion Rate (CR)<\/option>\n                            <option value=\"https:\/\/onlinemarketing.one\/tool\/marketing-ctr.html\">Click Through Rate (CTR)<\/option>\n                            <option value=\"https:\/\/onlinemarketing.one\/tool\/marketing-er.html\">Engagement Rate (ER)<\/option>\n                            <option value=\"https:\/\/onlinemarketing.one\/tool\/marketing-ldcr.html\">Lead-to-Customer Rate (LDCR)<\/option>\n                            <option value=\"https:\/\/onlinemarketing.one\/tool\/marketing-roas.html\">Return on Advertising Spend (ROAS)<\/option>\n                            <option value=\"https:\/\/onlinemarketing.one\/tool\/marketing-roi.html\">Return on Investment (ROI)<\/option>\n                            <option value=\"https:\/\/onlinemarketing.one\/tool\/marketing-sov.html\">Share of Voice (SOV)<\/option>\n                    <\/select>\n        <iframe id=\"marketing-calculator-iframe\" style=\"width: 100%; height: 800px; border: none;\"><\/iframe>\n    <\/div>\n    \n<h2>V\u00eddeo explicativo<\/h2>\n<p>Muy pronto.<\/p>\n<\/div><\/section>\n<div  class='avia-button-wrap av-lyu3fyoo-3c8ed8d27bda3985299d570acc57f3f1-wrap avia-button-left  avia-builder-el-5  el_after_av_textblock  avia-builder-el-last ' ><a href='https:\/\/onlinemarketing.one\/shop\/kasse\/?add-to-cart=4069'  class='avia-button av-lyu3fyoo-3c8ed8d27bda3985299d570acc57f3f1 avia-icon_select-no avia-size-x-large avia-position-left avia-color-theme-color' ><span class='avia_iconbox_title' >jetzt kaufen<\/span><\/a><\/div>\n\n","protected":false},"excerpt":{"rendered":"","protected":false},"author":1,"featured_media":0,"parent":4557,"menu_order":0,"comment_status":"closed","ping_status":"closed","template":"","meta":{"pmpro_default_level":"","footnotes":""},"class_list":["post-4581","page","type-page","status-publish","hentry","pmpro-has-access"],"yoast_head":"<!-- This site is optimized with the Yoast SEO Premium plugin v22.9 (Yoast SEO v25.6) - https:\/\/yoast.com\/wordpress\/plugins\/seo\/ -->\n<title>Plugin WordPress KPI Calculadora de Marketing - Online Marketing One<\/title>\n<meta name=\"robots\" content=\"index, follow, max-snippet:-1, max-image-preview:large, max-video-preview:-1\" \/>\n<link rel=\"canonical\" href=\"https:\/\/onlinemarketing.one\/es\/plugins\/plugin-wordpress-kpi-calculadora-de-marketing\/\" \/>\n<meta property=\"og:locale\" content=\"es_ES\" \/>\n<meta property=\"og:type\" content=\"article\" \/>\n<meta property=\"og:title\" content=\"Plugin WordPress KPI Calculadora de Marketing\" \/>\n<meta property=\"og:url\" content=\"https:\/\/onlinemarketing.one\/es\/plugins\/plugin-wordpress-kpi-calculadora-de-marketing\/\" \/>\n<meta property=\"og:site_name\" content=\"Online Marketing One\" \/>\n<meta property=\"article:modified_time\" content=\"2024-08-23T07:49:01+00:00\" \/>\n<meta property=\"og:image\" content=\"https:\/\/onlinemarketing.one\/wp-content\/uploads\/2024\/06\/stephan-czaja-wordpress-seo-plugin-online-marketing-one-casual.jpg\" \/>\n<meta name=\"twitter:card\" content=\"summary_large_image\" \/>\n<script type=\"application\/ld+json\" class=\"yoast-schema-graph\">{\"@context\":\"https:\/\/schema.org\",\"@graph\":[{\"@type\":\"WebPage\",\"@id\":\"https:\/\/onlinemarketing.one\/es\/plugins\/plugin-wordpress-kpi-calculadora-de-marketing\/\",\"url\":\"https:\/\/onlinemarketing.one\/es\/plugins\/plugin-wordpress-kpi-calculadora-de-marketing\/\",\"name\":\"Plugin WordPress KPI Calculadora de Marketing - Online Marketing One\",\"isPartOf\":{\"@id\":\"https:\/\/onlinemarketing.one\/es\/#website\"},\"primaryImageOfPage\":{\"@id\":\"https:\/\/onlinemarketing.one\/es\/plugins\/plugin-wordpress-kpi-calculadora-de-marketing\/#primaryimage\"},\"image\":{\"@id\":\"https:\/\/onlinemarketing.one\/es\/plugins\/plugin-wordpress-kpi-calculadora-de-marketing\/#primaryimage\"},\"thumbnailUrl\":\"https:\/\/onlinemarketing.one\/wp-content\/uploads\/2024\/06\/stephan-czaja-wordpress-seo-plugin-online-marketing-one-casual.jpg\",\"datePublished\":\"2024-07-20T12:17:21+00:00\",\"dateModified\":\"2024-08-23T07:49:01+00:00\",\"breadcrumb\":{\"@id\":\"https:\/\/onlinemarketing.one\/es\/plugins\/plugin-wordpress-kpi-calculadora-de-marketing\/#breadcrumb\"},\"inLanguage\":\"es\",\"potentialAction\":[{\"@type\":\"ReadAction\",\"target\":[\"https:\/\/onlinemarketing.one\/es\/plugins\/plugin-wordpress-kpi-calculadora-de-marketing\/\"]}]},{\"@type\":\"ImageObject\",\"inLanguage\":\"es\",\"@id\":\"https:\/\/onlinemarketing.one\/es\/plugins\/plugin-wordpress-kpi-calculadora-de-marketing\/#primaryimage\",\"url\":\"https:\/\/onlinemarketing.one\/wp-content\/uploads\/2024\/06\/stephan-czaja-wordpress-seo-plugin-online-marketing-one-casual.jpg\",\"contentUrl\":\"https:\/\/onlinemarketing.one\/wp-content\/uploads\/2024\/06\/stephan-czaja-wordpress-seo-plugin-online-marketing-one-casual.jpg\"},{\"@type\":\"BreadcrumbList\",\"@id\":\"https:\/\/onlinemarketing.one\/es\/plugins\/plugin-wordpress-kpi-calculadora-de-marketing\/#breadcrumb\",\"itemListElement\":[{\"@type\":\"ListItem\",\"position\":1,\"name\":\"Home\",\"item\":\"https:\/\/onlinemarketing.one\/es\/\"},{\"@type\":\"ListItem\",\"position\":2,\"name\":\"Plugins\",\"item\":\"https:\/\/onlinemarketing.one\/es\/plugins\/\"},{\"@type\":\"ListItem\",\"position\":3,\"name\":\"Plugin WordPress KPI Calculadora de Marketing\"}]},{\"@type\":\"WebSite\",\"@id\":\"https:\/\/onlinemarketing.one\/es\/#website\",\"url\":\"https:\/\/onlinemarketing.one\/es\/\",\"name\":\"Online Marketing One\",\"description\":\"WordPress SEO Plugin &amp; Wissen\",\"publisher\":{\"@id\":\"https:\/\/onlinemarketing.one\/es\/#organization\"},\"potentialAction\":[{\"@type\":\"SearchAction\",\"target\":{\"@type\":\"EntryPoint\",\"urlTemplate\":\"https:\/\/onlinemarketing.one\/es\/?s={search_term_string}\"},\"query-input\":{\"@type\":\"PropertyValueSpecification\",\"valueRequired\":true,\"valueName\":\"search_term_string\"}}],\"inLanguage\":\"es\"},{\"@type\":\"Organization\",\"@id\":\"https:\/\/onlinemarketing.one\/es\/#organization\",\"name\":\"Online Marketing One | WordPress SEO Plugin\",\"url\":\"https:\/\/onlinemarketing.one\/es\/\",\"logo\":{\"@type\":\"ImageObject\",\"inLanguage\":\"es\",\"@id\":\"https:\/\/onlinemarketing.one\/es\/#\/schema\/logo\/image\/\",\"url\":\"https:\/\/onlinemarketing.one\/wp-content\/uploads\/2024\/06\/plugin-wordpress-seo-link-building-automatic.jpg\",\"contentUrl\":\"https:\/\/onlinemarketing.one\/wp-content\/uploads\/2024\/06\/plugin-wordpress-seo-link-building-automatic.jpg\",\"width\":480,\"height\":480,\"caption\":\"Online Marketing One | WordPress SEO Plugin\"},\"image\":{\"@id\":\"https:\/\/onlinemarketing.one\/es\/#\/schema\/logo\/image\/\"},\"sameAs\":[\"https:\/\/www.instagram.com\/lukinski\/\",\"https:\/\/www.youtube.com\/channel\/UCzOLH93prKp0eKVUaQVK_Tw\"]}]}<\/script>\n<!-- \/ Yoast SEO Premium plugin. -->","yoast_head_json":{"title":"Plugin WordPress KPI Calculadora de Marketing - Online Marketing One","robots":{"index":"index","follow":"follow","max-snippet":"max-snippet:-1","max-image-preview":"max-image-preview:large","max-video-preview":"max-video-preview:-1"},"canonical":"https:\/\/onlinemarketing.one\/es\/plugins\/plugin-wordpress-kpi-calculadora-de-marketing\/","og_locale":"es_ES","og_type":"article","og_title":"Plugin WordPress KPI Calculadora de Marketing","og_url":"https:\/\/onlinemarketing.one\/es\/plugins\/plugin-wordpress-kpi-calculadora-de-marketing\/","og_site_name":"Online Marketing One","article_modified_time":"2024-08-23T07:49:01+00:00","og_image":[{"url":"https:\/\/onlinemarketing.one\/wp-content\/uploads\/2024\/06\/stephan-czaja-wordpress-seo-plugin-online-marketing-one-casual.jpg","type":"","width":"","height":""}],"twitter_card":"summary_large_image","schema":{"@context":"https:\/\/schema.org","@graph":[{"@type":"WebPage","@id":"https:\/\/onlinemarketing.one\/es\/plugins\/plugin-wordpress-kpi-calculadora-de-marketing\/","url":"https:\/\/onlinemarketing.one\/es\/plugins\/plugin-wordpress-kpi-calculadora-de-marketing\/","name":"Plugin WordPress KPI Calculadora de Marketing - Online Marketing One","isPartOf":{"@id":"https:\/\/onlinemarketing.one\/es\/#website"},"primaryImageOfPage":{"@id":"https:\/\/onlinemarketing.one\/es\/plugins\/plugin-wordpress-kpi-calculadora-de-marketing\/#primaryimage"},"image":{"@id":"https:\/\/onlinemarketing.one\/es\/plugins\/plugin-wordpress-kpi-calculadora-de-marketing\/#primaryimage"},"thumbnailUrl":"https:\/\/onlinemarketing.one\/wp-content\/uploads\/2024\/06\/stephan-czaja-wordpress-seo-plugin-online-marketing-one-casual.jpg","datePublished":"2024-07-20T12:17:21+00:00","dateModified":"2024-08-23T07:49:01+00:00","breadcrumb":{"@id":"https:\/\/onlinemarketing.one\/es\/plugins\/plugin-wordpress-kpi-calculadora-de-marketing\/#breadcrumb"},"inLanguage":"es","potentialAction":[{"@type":"ReadAction","target":["https:\/\/onlinemarketing.one\/es\/plugins\/plugin-wordpress-kpi-calculadora-de-marketing\/"]}]},{"@type":"ImageObject","inLanguage":"es","@id":"https:\/\/onlinemarketing.one\/es\/plugins\/plugin-wordpress-kpi-calculadora-de-marketing\/#primaryimage","url":"https:\/\/onlinemarketing.one\/wp-content\/uploads\/2024\/06\/stephan-czaja-wordpress-seo-plugin-online-marketing-one-casual.jpg","contentUrl":"https:\/\/onlinemarketing.one\/wp-content\/uploads\/2024\/06\/stephan-czaja-wordpress-seo-plugin-online-marketing-one-casual.jpg"},{"@type":"BreadcrumbList","@id":"https:\/\/onlinemarketing.one\/es\/plugins\/plugin-wordpress-kpi-calculadora-de-marketing\/#breadcrumb","itemListElement":[{"@type":"ListItem","position":1,"name":"Home","item":"https:\/\/onlinemarketing.one\/es\/"},{"@type":"ListItem","position":2,"name":"Plugins","item":"https:\/\/onlinemarketing.one\/es\/plugins\/"},{"@type":"ListItem","position":3,"name":"Plugin WordPress KPI Calculadora de Marketing"}]},{"@type":"WebSite","@id":"https:\/\/onlinemarketing.one\/es\/#website","url":"https:\/\/onlinemarketing.one\/es\/","name":"Online Marketing One","description":"WordPress SEO Plugin &amp; Wissen","publisher":{"@id":"https:\/\/onlinemarketing.one\/es\/#organization"},"potentialAction":[{"@type":"SearchAction","target":{"@type":"EntryPoint","urlTemplate":"https:\/\/onlinemarketing.one\/es\/?s={search_term_string}"},"query-input":{"@type":"PropertyValueSpecification","valueRequired":true,"valueName":"search_term_string"}}],"inLanguage":"es"},{"@type":"Organization","@id":"https:\/\/onlinemarketing.one\/es\/#organization","name":"Online Marketing One | WordPress SEO Plugin","url":"https:\/\/onlinemarketing.one\/es\/","logo":{"@type":"ImageObject","inLanguage":"es","@id":"https:\/\/onlinemarketing.one\/es\/#\/schema\/logo\/image\/","url":"https:\/\/onlinemarketing.one\/wp-content\/uploads\/2024\/06\/plugin-wordpress-seo-link-building-automatic.jpg","contentUrl":"https:\/\/onlinemarketing.one\/wp-content\/uploads\/2024\/06\/plugin-wordpress-seo-link-building-automatic.jpg","width":480,"height":480,"caption":"Online Marketing One | WordPress SEO Plugin"},"image":{"@id":"https:\/\/onlinemarketing.one\/es\/#\/schema\/logo\/image\/"},"sameAs":["https:\/\/www.instagram.com\/lukinski\/","https:\/\/www.youtube.com\/channel\/UCzOLH93prKp0eKVUaQVK_Tw"]}]}},"_links":{"self":[{"href":"https:\/\/onlinemarketing.one\/es\/wp-json\/wp\/v2\/pages\/4581"}],"collection":[{"href":"https:\/\/onlinemarketing.one\/es\/wp-json\/wp\/v2\/pages"}],"about":[{"href":"https:\/\/onlinemarketing.one\/es\/wp-json\/wp\/v2\/types\/page"}],"author":[{"embeddable":true,"href":"https:\/\/onlinemarketing.one\/es\/wp-json\/wp\/v2\/users\/1"}],"replies":[{"embeddable":true,"href":"https:\/\/onlinemarketing.one\/es\/wp-json\/wp\/v2\/comments?post=4581"}],"version-history":[{"count":0,"href":"https:\/\/onlinemarketing.one\/es\/wp-json\/wp\/v2\/pages\/4581\/revisions"}],"up":[{"embeddable":true,"href":"https:\/\/onlinemarketing.one\/es\/wp-json\/wp\/v2\/pages\/4557"}],"wp:attachment":[{"href":"https:\/\/onlinemarketing.one\/es\/wp-json\/wp\/v2\/media?parent=4581"}],"curies":[{"name":"wp","href":"https:\/\/api.w.org\/{rel}","templated":true}]}}