{"id":4563,"date":"2024-07-16T19:36:11","date_gmt":"2024-07-16T17:36:11","guid":{"rendered":"https:\/\/onlinemarketing.one\/seo-masterclass-top-10-videos\/"},"modified":"2024-08-23T09:47:16","modified_gmt":"2024-08-23T07:47:16","slug":"seo-masterclass-top-10-videos","status":"publish","type":"page","link":"https:\/\/onlinemarketing.one\/fr\/plugins\/seo-masterclass-top-10-videos\/","title":{"rendered":"SEO Masterclass Top 10% Vid\u00e9os"},"content":{"rendered":"\n<style type=\"text\/css\" data-created_by=\"avia_inline_auto\" id=\"style-css-av-6f2uda-e267cf26f2ae7fa88c2c9b6d955ce086\">\n.avia-section.av-6f2uda-e267cf26f2ae7fa88c2c9b6d955ce086{\nbackground-repeat:no-repeat;\nbackground-image:url(https:\/\/onlinemarketing.one\/wp-content\/uploads\/2024\/06\/seo-videokurs-grundlagen-grundwissen-internetseite-onlineshop-lernen-banner.jpg);\nbackground-position:50% 50%;\nbackground-attachment:scroll;\n}\n<\/style>\n<div id='av_section_1'  class='avia-section av-6f2uda-e267cf26f2ae7fa88c2c9b6d955ce086 main_color avia-section-default avia-no-border-styling  avia-builder-el-0  el_before_av_one_half  avia-builder-el-first  avia-full-stretch avia-bg-style-scroll av-minimum-height av-minimum-height-75  container_wrap fullsize'  data-section-bg-repeat='stretch' data-av_minimum_height_pc='75'><div class='container av-section-cont-open' ><main  role=\"main\" itemprop=\"mainContentOfPage\"  class='template-page content  av-content-full alpha units'><div class='post-entry post-entry-type-page post-entry-4563'><div class='entry-content-wrapper clearfix'>\n\n<style type=\"text\/css\" data-created_by=\"avia_inline_auto\" id=\"style-css-av-40yx5a-decd2d3d726402bc846f3b5111f75863\">\n#top .av_textblock_section.av-40yx5a-decd2d3d726402bc846f3b5111f75863 .avia_textblock{\ncolor:#ffffff;\n}\n<\/style>\n<section  class='av_textblock_section av-40yx5a-decd2d3d726402bc846f3b5111f75863'  itemscope=\"itemscope\" itemtype=\"https:\/\/schema.org\/CreativeWork\" ><div class='avia_textblock av_inherit_color'  itemprop=\"text\" ><p class=\"text-teaser-white\">SEO<br \/>\nMasterclass<br \/>\nTop 10%<br \/>\nVid\u00e9os<\/p>\n<p class=\"text-teaser-white-sub\">Seulement <strong>49 \u20ac <\/strong>hors TVA (une fois)<\/p>\n<\/div><\/section>\n<div  class='avia-button-wrap av-av_button-3bec32fe4259d250c6b5d9a49c8bd9f0-wrap avia-button-left  avia-builder-el-2  el_after_av_textblock  avia-builder-el-last ' ><a href='https:\/\/onlinemarketing.one\/shop\/kasse\/?add-to-cart=3878'  class='avia-button av-av_button-3bec32fe4259d250c6b5d9a49c8bd9f0 avia-icon_select-no avia-size-x-large avia-position-left avia-color-theme-color' ><span class='avia_iconbox_title' >jetzt kaufen<\/span><\/a><\/div>\n<\/div><\/div><\/main><!-- close content main element --><\/div><\/div><div id='after_section_1'  class='main_color av_default_container_wrap container_wrap fullsize'  ><div class='container av-section-cont-open' ><div class='template-page content  av-content-full alpha units'><div class='post-entry post-entry-type-page post-entry-4563'><div class='entry-content-wrapper clearfix'><div class='flex_column av-d4ljmm-65760e7d35c4e5a1205f90b0cb7b37a6 av_one_half  avia-builder-el-3  el_after_av_section  el_before_av_one_half  avia-builder-el-first  first flex_column_div '     ><section  class='av_textblock_section av-a6ww1a-601a2534993b0beab17f816c8b610a21'  itemscope=\"itemscope\" itemtype=\"https:\/\/schema.org\/CreativeWork\" ><div class='avia_textblock'  itemprop=\"text\" ><h1 style=\"margin-top: 0px;\">Apprendre le SEO : les bases pour les entreprises et les employ\u00e9s<\/h1>\n<p>Online Marketing One \u00e9tait en fait ma \u00ab\u00a0masterclass\u00a0\u00bb, des formations internes pour les collaborateurs sur l&rsquo;optimisation des moteurs de recherche, l&rsquo;analyse des moteurs de recherche, la production de contenu, tout ce qui s&rsquo;y rapporte. Maintenant, j&rsquo;ai d\u00e9cid\u00e9 de mettre le contenu \u00e0 disposition gratuitement, pourquoi pas ! Tu y apprendras comment fonctionne l&rsquo;optimisation des moteurs de recherche pour <a href=\"https:\/\/www.google.de\/\" target=\"_blank\" rel=\"noopener\">Google<\/a>, <a href=\"https:\/\/www.bing.com\" target=\"_blank\" rel=\"noopener\">Bing<\/a>, <a href=\"https:\/\/yandex.com\/\" target=\"_blank\" rel=\"noopener\">Yandex<\/a>, <a href=\"https:\/\/duckduckgo.com\/\" target=\"_blank\" rel=\"noopener\">DuckDuckGoGo<\/a> et tous les autres moteurs de recherche. Gratuit, parl\u00e9 avec le c\u0153ur, pour mes collaborateurs et avec la puissance que nous avons dans nos projets.<\/p>\n<h3>\u00c0 qui s&rsquo;adresse la Masterclass ?<\/h3>\n<p><img decoding=\"async\" class=\"alignright\" style=\"border-radius: 50%; width: 135px; height: 135px;\" src=\"https:\/\/onlinemarketing.one\/wp-content\/uploads\/2024\/06\/stephan-czaja-wordpress-seo-plugin-online-marketing-one-casual.jpg\" alt=\"\" \/><\/p>\n<p>Tr\u00e8s important : tu re\u00e7ois presque tout gratuitement ! Mais si tu veux voir la pointe de l&rsquo;iceberg, la SEO Masterclass est ta chance.<\/p>\n<blockquote>\n<p><span style=\"text-decoration: underline;\">90% de mes vid\u00e9os sont gratuites<\/span>, 10% r\u00e9serv\u00e9es aux membres<\/p>\n<\/blockquote>\n<p>Conseil en bonus ! Tu ne peux pas utiliser les comp\u00e9tences pour les moteurs de recherche Web 2.0, les comp\u00e9tences de classement fonctionnent \u00e9galement pour <a href=\"https:\/\/youtube.com\" target=\"_blank\" rel=\"noopener\">YouTube<\/a>, <a href=\"https:\/\/tiktok.com\" target=\"_blank\" rel=\"noopener\">TikTok<\/a>, <a href=\"https:\/\/instagram.com\" target=\"_blank\" rel=\"noopener\">Instagram<\/a> &#038; Co.<\/p>\n<\/div><\/section><\/div><\/p>\n<div class='flex_column av-9q96j2-e3edd95171ad1761ab9af1d9f18a076a av_one_half  avia-builder-el-5  el_after_av_one_half  el_before_av_section  avia-builder-el-last  flex_column_div '     ><p><section  class='av_textblock_section av-av_textblock-1ab8e6ddfd7bbd0f5d1f5b237de8cac4'  itemscope=\"itemscope\" itemtype=\"https:\/\/schema.org\/CreativeWork\" ><div class='avia_textblock'  itemprop=\"text\" ><\/div><\/section><br \/>\n<div  class='avia-button-wrap av-2quomm-93e863ff63fddc97bbbe8ad48784c81c-wrap avia-button-left  avia-builder-el-7  el_after_av_textblock  avia-builder-el-last ' ><a href='https:\/\/onlinemarketing.one\/shop\/kasse\/?add-to-cart=3878'  class='avia-button av-2quomm-93e863ff63fddc97bbbe8ad48784c81c avia-icon_select-no avia-size-x-large avia-position-left avia-color-theme-color' ><span class='avia_iconbox_title' >jetzt kaufen<\/span><\/a><\/div><\/p><\/div><\/div><\/div><\/div><!-- close content main div --><\/div><\/div>\n<style type=\"text\/css\" data-created_by=\"avia_inline_auto\" id=\"style-css-av-6fvs1a-a8bf2e900f04d24de551d318e076175e\">\n.avia-section.av-6fvs1a-a8bf2e900f04d24de551d318e076175e .av-parallax .av-parallax-inner{\nbackground-repeat:no-repeat;\nbackground-image:url(https:\/\/onlinemarketing.one\/wp-content\/uploads\/2024\/06\/seo-videokurs-grundlagen-grundwissen-internetseite-onlineshop-lernen-banner.jpg);\nbackground-position:50% 50%;\nbackground-attachment:scroll;\n}\n.avia-section.av-6fvs1a-a8bf2e900f04d24de551d318e076175e .av-section-color-overlay{\nopacity:0.7;\nbackground-color:#000000;\n}\n<\/style>\n<div id='av_section_2'  class='avia-section av-6fvs1a-a8bf2e900f04d24de551d318e076175e main_color avia-section-no-padding avia-no-border-styling  avia-builder-el-8  el_after_av_one_half  avia-builder-el-last  avia-full-stretch av-parallax-section avia-bg-style-parallax av-section-color-overlay-active av-minimum-height av-minimum-height-custom  container_wrap fullsize'  data-section-bg-repeat='stretch' data-av_minimum_height_px='900'><div class='av-parallax' data-avia-parallax-ratio='0.3' ><div class='av-parallax-inner main_color avia-full-stretch'><\/div><\/div><div class=\"av-section-color-overlay-wrap\"><div class=\"av-section-color-overlay\"><\/div><div class='container av-section-cont-open' style='height:900px'><div class='template-page content  av-content-full alpha units'><div class='post-entry post-entry-type-page post-entry-4563'><div class='entry-content-wrapper clearfix'>\n<section  class='av_textblock_section av-3socou-e9e148f2ae16de5098b34b322ddebf5c'  itemscope=\"itemscope\" itemtype=\"https:\/\/schema.org\/CreativeWork\" ><div class='avia_textblock'  itemprop=\"text\" ><p class=\"text-teaser-white\">Marketing de contenu<\/p>\n<p class=\"text-teaser-white-sub\">Tu trouveras ici toutes les vid\u00e9os &amp; le\u00e7ons<\/p>\n<\/div><\/section>\n<div  class='avia-button-wrap av-2bs7b2-c52e3855dc30f96330344c8b64e6c362-wrap avia-button-left  avia-builder-el-10  el_after_av_textblock  avia-builder-el-last ' ><a href='https:\/\/onlinemarketing.one\/content-marketing\/'  class='avia-button av-2bs7b2-c52e3855dc30f96330344c8b64e6c362 avia-icon_select-no avia-size-x-large avia-position-left avia-color-aqua' ><span class='avia_iconbox_title' >Content Marketing<\/span><\/a><\/div>\n<\/p>\n","protected":false},"excerpt":{"rendered":"","protected":false},"author":1,"featured_media":0,"parent":4555,"menu_order":0,"comment_status":"closed","ping_status":"closed","template":"","meta":{"pmpro_default_level":"","footnotes":""},"class_list":["post-4563","page","type-page","status-publish","hentry","pmpro-has-access"],"yoast_head":"<!-- This site is optimized with the Yoast SEO Premium plugin v22.9 (Yoast SEO v25.6) - https:\/\/yoast.com\/wordpress\/plugins\/seo\/ -->\n<title>SEO Masterclass Top 10% Vid\u00e9os - Online Marketing One<\/title>\n<meta name=\"robots\" content=\"index, follow, max-snippet:-1, max-image-preview:large, max-video-preview:-1\" \/>\n<link rel=\"canonical\" href=\"https:\/\/onlinemarketing.one\/fr\/plugins\/seo-masterclass-top-10-videos\/\" \/>\n<meta property=\"og:locale\" content=\"fr_FR\" \/>\n<meta property=\"og:type\" content=\"article\" \/>\n<meta property=\"og:title\" content=\"SEO Masterclass Top 10% Vid\u00e9os\" \/>\n<meta property=\"og:url\" content=\"https:\/\/onlinemarketing.one\/fr\/plugins\/seo-masterclass-top-10-videos\/\" \/>\n<meta property=\"og:site_name\" content=\"Online Marketing One\" \/>\n<meta property=\"article:modified_time\" content=\"2024-08-23T07:47:16+00:00\" \/>\n<meta property=\"og:image\" content=\"https:\/\/onlinemarketing.one\/wp-content\/uploads\/2024\/06\/stephan-czaja-wordpress-seo-plugin-online-marketing-one-casual.jpg\" \/>\n<meta name=\"twitter:card\" content=\"summary_large_image\" \/>\n<script type=\"application\/ld+json\" class=\"yoast-schema-graph\">{\"@context\":\"https:\/\/schema.org\",\"@graph\":[{\"@type\":\"WebPage\",\"@id\":\"https:\/\/onlinemarketing.one\/fr\/plugins\/seo-masterclass-top-10-videos\/\",\"url\":\"https:\/\/onlinemarketing.one\/fr\/plugins\/seo-masterclass-top-10-videos\/\",\"name\":\"SEO Masterclass Top 10% Vid\u00e9os - Online Marketing One\",\"isPartOf\":{\"@id\":\"https:\/\/onlinemarketing.one\/fr\/#website\"},\"primaryImageOfPage\":{\"@id\":\"https:\/\/onlinemarketing.one\/fr\/plugins\/seo-masterclass-top-10-videos\/#primaryimage\"},\"image\":{\"@id\":\"https:\/\/onlinemarketing.one\/fr\/plugins\/seo-masterclass-top-10-videos\/#primaryimage\"},\"thumbnailUrl\":\"https:\/\/onlinemarketing.one\/wp-content\/uploads\/2024\/06\/stephan-czaja-wordpress-seo-plugin-online-marketing-one-casual.jpg\",\"datePublished\":\"2024-07-16T17:36:11+00:00\",\"dateModified\":\"2024-08-23T07:47:16+00:00\",\"breadcrumb\":{\"@id\":\"https:\/\/onlinemarketing.one\/fr\/plugins\/seo-masterclass-top-10-videos\/#breadcrumb\"},\"inLanguage\":\"fr-FR\",\"potentialAction\":[{\"@type\":\"ReadAction\",\"target\":[\"https:\/\/onlinemarketing.one\/fr\/plugins\/seo-masterclass-top-10-videos\/\"]}]},{\"@type\":\"ImageObject\",\"inLanguage\":\"fr-FR\",\"@id\":\"https:\/\/onlinemarketing.one\/fr\/plugins\/seo-masterclass-top-10-videos\/#primaryimage\",\"url\":\"https:\/\/onlinemarketing.one\/wp-content\/uploads\/2024\/06\/stephan-czaja-wordpress-seo-plugin-online-marketing-one-casual.jpg\",\"contentUrl\":\"https:\/\/onlinemarketing.one\/wp-content\/uploads\/2024\/06\/stephan-czaja-wordpress-seo-plugin-online-marketing-one-casual.jpg\"},{\"@type\":\"BreadcrumbList\",\"@id\":\"https:\/\/onlinemarketing.one\/fr\/plugins\/seo-masterclass-top-10-videos\/#breadcrumb\",\"itemListElement\":[{\"@type\":\"ListItem\",\"position\":1,\"name\":\"Home\",\"item\":\"https:\/\/onlinemarketing.one\/fr\/\"},{\"@type\":\"ListItem\",\"position\":2,\"name\":\"Plugins\",\"item\":\"https:\/\/onlinemarketing.one\/fr\/plugins\/\"},{\"@type\":\"ListItem\",\"position\":3,\"name\":\"SEO Masterclass Top 10% Vid\u00e9os\"}]},{\"@type\":\"WebSite\",\"@id\":\"https:\/\/onlinemarketing.one\/fr\/#website\",\"url\":\"https:\/\/onlinemarketing.one\/fr\/\",\"name\":\"Online Marketing One\",\"description\":\"WordPress SEO Plugin &amp; Wissen\",\"publisher\":{\"@id\":\"https:\/\/onlinemarketing.one\/fr\/#organization\"},\"potentialAction\":[{\"@type\":\"SearchAction\",\"target\":{\"@type\":\"EntryPoint\",\"urlTemplate\":\"https:\/\/onlinemarketing.one\/fr\/?s={search_term_string}\"},\"query-input\":{\"@type\":\"PropertyValueSpecification\",\"valueRequired\":true,\"valueName\":\"search_term_string\"}}],\"inLanguage\":\"fr-FR\"},{\"@type\":\"Organization\",\"@id\":\"https:\/\/onlinemarketing.one\/fr\/#organization\",\"name\":\"Online Marketing One | WordPress SEO Plugin\",\"url\":\"https:\/\/onlinemarketing.one\/fr\/\",\"logo\":{\"@type\":\"ImageObject\",\"inLanguage\":\"fr-FR\",\"@id\":\"https:\/\/onlinemarketing.one\/fr\/#\/schema\/logo\/image\/\",\"url\":\"https:\/\/onlinemarketing.one\/wp-content\/uploads\/2024\/06\/plugin-wordpress-seo-link-building-automatic.jpg\",\"contentUrl\":\"https:\/\/onlinemarketing.one\/wp-content\/uploads\/2024\/06\/plugin-wordpress-seo-link-building-automatic.jpg\",\"width\":480,\"height\":480,\"caption\":\"Online Marketing One | WordPress SEO Plugin\"},\"image\":{\"@id\":\"https:\/\/onlinemarketing.one\/fr\/#\/schema\/logo\/image\/\"},\"sameAs\":[\"https:\/\/www.instagram.com\/lukinski\/\",\"https:\/\/www.youtube.com\/channel\/UCzOLH93prKp0eKVUaQVK_Tw\"]}]}<\/script>\n<!-- \/ Yoast SEO Premium plugin. -->","yoast_head_json":{"title":"SEO Masterclass Top 10% Vid\u00e9os - Online Marketing One","robots":{"index":"index","follow":"follow","max-snippet":"max-snippet:-1","max-image-preview":"max-image-preview:large","max-video-preview":"max-video-preview:-1"},"canonical":"https:\/\/onlinemarketing.one\/fr\/plugins\/seo-masterclass-top-10-videos\/","og_locale":"fr_FR","og_type":"article","og_title":"SEO Masterclass Top 10% Vid\u00e9os","og_url":"https:\/\/onlinemarketing.one\/fr\/plugins\/seo-masterclass-top-10-videos\/","og_site_name":"Online Marketing One","article_modified_time":"2024-08-23T07:47:16+00:00","og_image":[{"url":"https:\/\/onlinemarketing.one\/wp-content\/uploads\/2024\/06\/stephan-czaja-wordpress-seo-plugin-online-marketing-one-casual.jpg","type":"","width":"","height":""}],"twitter_card":"summary_large_image","schema":{"@context":"https:\/\/schema.org","@graph":[{"@type":"WebPage","@id":"https:\/\/onlinemarketing.one\/fr\/plugins\/seo-masterclass-top-10-videos\/","url":"https:\/\/onlinemarketing.one\/fr\/plugins\/seo-masterclass-top-10-videos\/","name":"SEO Masterclass Top 10% Vid\u00e9os - Online Marketing One","isPartOf":{"@id":"https:\/\/onlinemarketing.one\/fr\/#website"},"primaryImageOfPage":{"@id":"https:\/\/onlinemarketing.one\/fr\/plugins\/seo-masterclass-top-10-videos\/#primaryimage"},"image":{"@id":"https:\/\/onlinemarketing.one\/fr\/plugins\/seo-masterclass-top-10-videos\/#primaryimage"},"thumbnailUrl":"https:\/\/onlinemarketing.one\/wp-content\/uploads\/2024\/06\/stephan-czaja-wordpress-seo-plugin-online-marketing-one-casual.jpg","datePublished":"2024-07-16T17:36:11+00:00","dateModified":"2024-08-23T07:47:16+00:00","breadcrumb":{"@id":"https:\/\/onlinemarketing.one\/fr\/plugins\/seo-masterclass-top-10-videos\/#breadcrumb"},"inLanguage":"fr-FR","potentialAction":[{"@type":"ReadAction","target":["https:\/\/onlinemarketing.one\/fr\/plugins\/seo-masterclass-top-10-videos\/"]}]},{"@type":"ImageObject","inLanguage":"fr-FR","@id":"https:\/\/onlinemarketing.one\/fr\/plugins\/seo-masterclass-top-10-videos\/#primaryimage","url":"https:\/\/onlinemarketing.one\/wp-content\/uploads\/2024\/06\/stephan-czaja-wordpress-seo-plugin-online-marketing-one-casual.jpg","contentUrl":"https:\/\/onlinemarketing.one\/wp-content\/uploads\/2024\/06\/stephan-czaja-wordpress-seo-plugin-online-marketing-one-casual.jpg"},{"@type":"BreadcrumbList","@id":"https:\/\/onlinemarketing.one\/fr\/plugins\/seo-masterclass-top-10-videos\/#breadcrumb","itemListElement":[{"@type":"ListItem","position":1,"name":"Home","item":"https:\/\/onlinemarketing.one\/fr\/"},{"@type":"ListItem","position":2,"name":"Plugins","item":"https:\/\/onlinemarketing.one\/fr\/plugins\/"},{"@type":"ListItem","position":3,"name":"SEO Masterclass Top 10% Vid\u00e9os"}]},{"@type":"WebSite","@id":"https:\/\/onlinemarketing.one\/fr\/#website","url":"https:\/\/onlinemarketing.one\/fr\/","name":"Online Marketing One","description":"WordPress SEO Plugin &amp; Wissen","publisher":{"@id":"https:\/\/onlinemarketing.one\/fr\/#organization"},"potentialAction":[{"@type":"SearchAction","target":{"@type":"EntryPoint","urlTemplate":"https:\/\/onlinemarketing.one\/fr\/?s={search_term_string}"},"query-input":{"@type":"PropertyValueSpecification","valueRequired":true,"valueName":"search_term_string"}}],"inLanguage":"fr-FR"},{"@type":"Organization","@id":"https:\/\/onlinemarketing.one\/fr\/#organization","name":"Online Marketing One | WordPress SEO Plugin","url":"https:\/\/onlinemarketing.one\/fr\/","logo":{"@type":"ImageObject","inLanguage":"fr-FR","@id":"https:\/\/onlinemarketing.one\/fr\/#\/schema\/logo\/image\/","url":"https:\/\/onlinemarketing.one\/wp-content\/uploads\/2024\/06\/plugin-wordpress-seo-link-building-automatic.jpg","contentUrl":"https:\/\/onlinemarketing.one\/wp-content\/uploads\/2024\/06\/plugin-wordpress-seo-link-building-automatic.jpg","width":480,"height":480,"caption":"Online Marketing One | WordPress SEO Plugin"},"image":{"@id":"https:\/\/onlinemarketing.one\/fr\/#\/schema\/logo\/image\/"},"sameAs":["https:\/\/www.instagram.com\/lukinski\/","https:\/\/www.youtube.com\/channel\/UCzOLH93prKp0eKVUaQVK_Tw"]}]}},"_links":{"self":[{"href":"https:\/\/onlinemarketing.one\/fr\/wp-json\/wp\/v2\/pages\/4563"}],"collection":[{"href":"https:\/\/onlinemarketing.one\/fr\/wp-json\/wp\/v2\/pages"}],"about":[{"href":"https:\/\/onlinemarketing.one\/fr\/wp-json\/wp\/v2\/types\/page"}],"author":[{"embeddable":true,"href":"https:\/\/onlinemarketing.one\/fr\/wp-json\/wp\/v2\/users\/1"}],"replies":[{"embeddable":true,"href":"https:\/\/onlinemarketing.one\/fr\/wp-json\/wp\/v2\/comments?post=4563"}],"version-history":[{"count":0,"href":"https:\/\/onlinemarketing.one\/fr\/wp-json\/wp\/v2\/pages\/4563\/revisions"}],"up":[{"embeddable":true,"href":"https:\/\/onlinemarketing.one\/fr\/wp-json\/wp\/v2\/pages\/4555"}],"wp:attachment":[{"href":"https:\/\/onlinemarketing.one\/fr\/wp-json\/wp\/v2\/media?parent=4563"}],"curies":[{"name":"wp","href":"https:\/\/api.w.org\/{rel}","templated":true}]}}