{"id":4583,"date":"2024-07-21T18:44:11","date_gmt":"2024-07-21T16:44:11","guid":{"rendered":"https:\/\/onlinemarketing.one\/plugin-wordpress-woocommerce-liens-directs-a-la-caisse\/"},"modified":"2024-08-23T09:49:12","modified_gmt":"2024-08-23T07:49:12","slug":"plugin-wordpress-woocommerce-liens-directs-a-la-caisse","status":"publish","type":"page","link":"https:\/\/onlinemarketing.one\/fr\/plugins\/plugin-wordpress-woocommerce-liens-directs-a-la-caisse\/","title":{"rendered":"Plugin WordPress : WooCommerce Liens directs \u00e0 la caisse"},"content":{"rendered":"\n<style type=\"text\/css\" data-created_by=\"avia_inline_auto\" id=\"style-css-av-5u816t-95099f08d1c42d338cb969c58b40a0a9\">\n.avia-section.av-5u816t-95099f08d1c42d338cb969c58b40a0a9{\nbackground-repeat:no-repeat;\nbackground-image:url(https:\/\/onlinemarketing.one\/wp-content\/uploads\/2024\/07\/wordpress-plugin-woocommerce-shop-direct-link-checkout-disable-cart-banner.jpg);\nbackground-position:50% 50%;\nbackground-attachment:scroll;\n}\n<\/style>\n<div id='av_section_1'  class='avia-section av-5u816t-95099f08d1c42d338cb969c58b40a0a9 main_color avia-section-default avia-no-border-styling  avia-builder-el-0  el_before_av_section  avia-builder-el-first  avia-full-stretch avia-bg-style-scroll av-minimum-height av-minimum-height-75  container_wrap fullsize'  data-section-bg-repeat='stretch' data-av_minimum_height_pc='75'><div class='container av-section-cont-open' ><main  role=\"main\" itemprop=\"mainContentOfPage\"  class='template-page content  av-content-full alpha units'><div class='post-entry post-entry-type-page post-entry-4583'><div class='entry-content-wrapper clearfix'>\n\n<style type=\"text\/css\" data-created_by=\"avia_inline_auto\" id=\"style-css-av-3z6u6t-95e6af4d2b17092dbc89d960b7384ff6\">\n#top .av_textblock_section.av-3z6u6t-95e6af4d2b17092dbc89d960b7384ff6 .avia_textblock{\ncolor:#ffffff;\n}\n<\/style>\n<section  class='av_textblock_section av-3z6u6t-95e6af4d2b17092dbc89d960b7384ff6'  itemscope=\"itemscope\" itemtype=\"https:\/\/schema.org\/CreativeWork\" ><div class='avia_textblock av_inherit_color'  itemprop=\"text\" ><p class=\"text-teaser-white\">WordPress<br \/>\nPlugin<br \/>\nWooCommerce<br \/>\nAller directement \u00e0 la caisse<\/p>\n<p class=\"text-teaser-white-sub\">Seulement <strong>49 \u20ac <\/strong>hors TVA (une seule fois)<\/p>\n<\/div><\/section>\n<div  class='avia-button-wrap av-21kmf9-e544a66a9965febd225cfb345a1cb21f-wrap avia-button-left  avia-builder-el-2  el_after_av_textblock  avia-builder-el-last ' ><a href='https:\/\/onlinemarketing.one\/shop\/kasse\/?add-to-cart=4136'  class='avia-button av-21kmf9-e544a66a9965febd225cfb345a1cb21f avia-icon_select-no avia-size-x-large avia-position-left avia-color-theme-color' ><span class='avia_iconbox_title' >jetzt kaufen<\/span><\/a><\/div>\n\n<\/div><\/div><\/main><!-- close content main element --><\/div><\/div><div id='av_section_2'  class='avia-section av-2s09ol-a860efbf114f9e4c265950a5b516c47f main_color avia-section-default avia-no-border-styling  avia-builder-el-3  el_after_av_section  avia-builder-el-last  avia-bg-style-scroll container_wrap fullsize'  ><div class='container av-section-cont-open' ><div class='template-page content  av-content-full alpha units'><div class='post-entry post-entry-type-page post-entry-4583'><div class='entry-content-wrapper clearfix'>\n<section  class='av_textblock_section av-lyvso250-af17c54b879363c448a104cbcbbc7b4a'  itemscope=\"itemscope\" itemtype=\"https:\/\/schema.org\/CreativeWork\" ><div class='avia_textblock'  itemprop=\"text\" ><h2>T\u00e9l\u00e9charger maintenant !<\/h2>\n<p><img decoding=\"async\" class=\"alignright\" style=\"border-radius: 50%; width: 135px; height: 135px;\" src=\"https:\/\/onlinemarketing.one\/wp-content\/uploads\/2024\/06\/stephan-czaja-wordpress-seo-plugin-online-marketing-one-casual.jpg\" alt=\"\" \/><\/p>\n<p>Augmente la conversion dans ta boutique en ligne WooCommerce avec ce petit plugin :<\/p>\n<ul>\n<li>G\u00e9n\u00e8re des liens qui m\u00e8nent directement \u00e0 la caisse<\/li>\n<li>D\u00e9sactiver le panier d&rsquo;achat<\/li>\n<\/ul>\n<p>Backend &amp; Frontend :<\/p>\n<ul>\n<li>G\u00e9n\u00e9rateur de backend pour toi et tes collaborateurs<\/li>\n<li>G\u00e9n\u00e9rateur de front-end pour tes visiteurs avec shortcode [ lukinski_woo_links ]<\/li>\n<\/ul>\n<h2>Liens WooCommerce : Exemple<\/h2>\n<p>Prochainement !<\/p>\n<h2>Vid\u00e9o explicative<\/h2>\n<p>Prochainement !<\/p>\n<\/div><\/section>\n<div  class='avia-button-wrap av-lyvsod1k-d910a3a71e8d61cb786fab66d3f76150-wrap avia-button-left  avia-builder-el-5  el_after_av_textblock  avia-builder-el-last ' ><a href='https:\/\/onlinemarketing.one\/shop\/kasse\/?add-to-cart=4136'  class='avia-button av-lyvsod1k-d910a3a71e8d61cb786fab66d3f76150 avia-icon_select-no avia-size-x-large avia-position-left avia-color-theme-color' ><span class='avia_iconbox_title' >jetzt kaufen<\/span><\/a><\/div>\n\n","protected":false},"excerpt":{"rendered":"","protected":false},"author":1,"featured_media":0,"parent":4555,"menu_order":0,"comment_status":"closed","ping_status":"closed","template":"","meta":{"pmpro_default_level":"","footnotes":""},"class_list":["post-4583","page","type-page","status-publish","hentry","pmpro-has-access"],"yoast_head":"<!-- This site is optimized with the Yoast SEO Premium plugin v22.9 (Yoast SEO v25.6) - https:\/\/yoast.com\/wordpress\/plugins\/seo\/ -->\n<title>Plugin WordPress : WooCommerce Liens directs \u00e0 la caisse - Online Marketing One<\/title>\n<meta name=\"robots\" content=\"index, follow, max-snippet:-1, max-image-preview:large, max-video-preview:-1\" \/>\n<link rel=\"canonical\" href=\"https:\/\/onlinemarketing.one\/fr\/plugins\/plugin-wordpress-woocommerce-liens-directs-a-la-caisse\/\" \/>\n<meta property=\"og:locale\" content=\"fr_FR\" \/>\n<meta property=\"og:type\" content=\"article\" \/>\n<meta property=\"og:title\" content=\"Plugin WordPress : WooCommerce Liens directs \u00e0 la caisse\" \/>\n<meta property=\"og:url\" content=\"https:\/\/onlinemarketing.one\/fr\/plugins\/plugin-wordpress-woocommerce-liens-directs-a-la-caisse\/\" \/>\n<meta property=\"og:site_name\" content=\"Online Marketing One\" \/>\n<meta property=\"article:modified_time\" content=\"2024-08-23T07:49:12+00:00\" \/>\n<meta property=\"og:image\" content=\"https:\/\/onlinemarketing.one\/wp-content\/uploads\/2024\/06\/stephan-czaja-wordpress-seo-plugin-online-marketing-one-casual.jpg\" \/>\n<meta name=\"twitter:card\" content=\"summary_large_image\" \/>\n<script type=\"application\/ld+json\" class=\"yoast-schema-graph\">{\"@context\":\"https:\/\/schema.org\",\"@graph\":[{\"@type\":\"WebPage\",\"@id\":\"https:\/\/onlinemarketing.one\/fr\/plugins\/plugin-wordpress-woocommerce-liens-directs-a-la-caisse\/\",\"url\":\"https:\/\/onlinemarketing.one\/fr\/plugins\/plugin-wordpress-woocommerce-liens-directs-a-la-caisse\/\",\"name\":\"Plugin WordPress : WooCommerce Liens directs \u00e0 la caisse - Online Marketing One\",\"isPartOf\":{\"@id\":\"https:\/\/onlinemarketing.one\/fr\/#website\"},\"primaryImageOfPage\":{\"@id\":\"https:\/\/onlinemarketing.one\/fr\/plugins\/plugin-wordpress-woocommerce-liens-directs-a-la-caisse\/#primaryimage\"},\"image\":{\"@id\":\"https:\/\/onlinemarketing.one\/fr\/plugins\/plugin-wordpress-woocommerce-liens-directs-a-la-caisse\/#primaryimage\"},\"thumbnailUrl\":\"https:\/\/onlinemarketing.one\/wp-content\/uploads\/2024\/06\/stephan-czaja-wordpress-seo-plugin-online-marketing-one-casual.jpg\",\"datePublished\":\"2024-07-21T16:44:11+00:00\",\"dateModified\":\"2024-08-23T07:49:12+00:00\",\"breadcrumb\":{\"@id\":\"https:\/\/onlinemarketing.one\/fr\/plugins\/plugin-wordpress-woocommerce-liens-directs-a-la-caisse\/#breadcrumb\"},\"inLanguage\":\"fr-FR\",\"potentialAction\":[{\"@type\":\"ReadAction\",\"target\":[\"https:\/\/onlinemarketing.one\/fr\/plugins\/plugin-wordpress-woocommerce-liens-directs-a-la-caisse\/\"]}]},{\"@type\":\"ImageObject\",\"inLanguage\":\"fr-FR\",\"@id\":\"https:\/\/onlinemarketing.one\/fr\/plugins\/plugin-wordpress-woocommerce-liens-directs-a-la-caisse\/#primaryimage\",\"url\":\"https:\/\/onlinemarketing.one\/wp-content\/uploads\/2024\/06\/stephan-czaja-wordpress-seo-plugin-online-marketing-one-casual.jpg\",\"contentUrl\":\"https:\/\/onlinemarketing.one\/wp-content\/uploads\/2024\/06\/stephan-czaja-wordpress-seo-plugin-online-marketing-one-casual.jpg\"},{\"@type\":\"BreadcrumbList\",\"@id\":\"https:\/\/onlinemarketing.one\/fr\/plugins\/plugin-wordpress-woocommerce-liens-directs-a-la-caisse\/#breadcrumb\",\"itemListElement\":[{\"@type\":\"ListItem\",\"position\":1,\"name\":\"Home\",\"item\":\"https:\/\/onlinemarketing.one\/fr\/\"},{\"@type\":\"ListItem\",\"position\":2,\"name\":\"Plugins\",\"item\":\"https:\/\/onlinemarketing.one\/fr\/plugins\/\"},{\"@type\":\"ListItem\",\"position\":3,\"name\":\"Plugin WordPress : WooCommerce Liens directs \u00e0 la caisse\"}]},{\"@type\":\"WebSite\",\"@id\":\"https:\/\/onlinemarketing.one\/fr\/#website\",\"url\":\"https:\/\/onlinemarketing.one\/fr\/\",\"name\":\"Online Marketing One\",\"description\":\"WordPress SEO Plugin &amp; Wissen\",\"publisher\":{\"@id\":\"https:\/\/onlinemarketing.one\/fr\/#organization\"},\"potentialAction\":[{\"@type\":\"SearchAction\",\"target\":{\"@type\":\"EntryPoint\",\"urlTemplate\":\"https:\/\/onlinemarketing.one\/fr\/?s={search_term_string}\"},\"query-input\":{\"@type\":\"PropertyValueSpecification\",\"valueRequired\":true,\"valueName\":\"search_term_string\"}}],\"inLanguage\":\"fr-FR\"},{\"@type\":\"Organization\",\"@id\":\"https:\/\/onlinemarketing.one\/fr\/#organization\",\"name\":\"Online Marketing One | WordPress SEO Plugin\",\"url\":\"https:\/\/onlinemarketing.one\/fr\/\",\"logo\":{\"@type\":\"ImageObject\",\"inLanguage\":\"fr-FR\",\"@id\":\"https:\/\/onlinemarketing.one\/fr\/#\/schema\/logo\/image\/\",\"url\":\"https:\/\/onlinemarketing.one\/wp-content\/uploads\/2024\/06\/plugin-wordpress-seo-link-building-automatic.jpg\",\"contentUrl\":\"https:\/\/onlinemarketing.one\/wp-content\/uploads\/2024\/06\/plugin-wordpress-seo-link-building-automatic.jpg\",\"width\":480,\"height\":480,\"caption\":\"Online Marketing One | WordPress SEO Plugin\"},\"image\":{\"@id\":\"https:\/\/onlinemarketing.one\/fr\/#\/schema\/logo\/image\/\"},\"sameAs\":[\"https:\/\/www.instagram.com\/lukinski\/\",\"https:\/\/www.youtube.com\/channel\/UCzOLH93prKp0eKVUaQVK_Tw\"]}]}<\/script>\n<!-- \/ Yoast SEO Premium plugin. -->","yoast_head_json":{"title":"Plugin WordPress : WooCommerce Liens directs \u00e0 la caisse - Online Marketing One","robots":{"index":"index","follow":"follow","max-snippet":"max-snippet:-1","max-image-preview":"max-image-preview:large","max-video-preview":"max-video-preview:-1"},"canonical":"https:\/\/onlinemarketing.one\/fr\/plugins\/plugin-wordpress-woocommerce-liens-directs-a-la-caisse\/","og_locale":"fr_FR","og_type":"article","og_title":"Plugin WordPress : WooCommerce Liens directs \u00e0 la caisse","og_url":"https:\/\/onlinemarketing.one\/fr\/plugins\/plugin-wordpress-woocommerce-liens-directs-a-la-caisse\/","og_site_name":"Online Marketing One","article_modified_time":"2024-08-23T07:49:12+00:00","og_image":[{"url":"https:\/\/onlinemarketing.one\/wp-content\/uploads\/2024\/06\/stephan-czaja-wordpress-seo-plugin-online-marketing-one-casual.jpg","type":"","width":"","height":""}],"twitter_card":"summary_large_image","schema":{"@context":"https:\/\/schema.org","@graph":[{"@type":"WebPage","@id":"https:\/\/onlinemarketing.one\/fr\/plugins\/plugin-wordpress-woocommerce-liens-directs-a-la-caisse\/","url":"https:\/\/onlinemarketing.one\/fr\/plugins\/plugin-wordpress-woocommerce-liens-directs-a-la-caisse\/","name":"Plugin WordPress : WooCommerce Liens directs \u00e0 la caisse - Online Marketing One","isPartOf":{"@id":"https:\/\/onlinemarketing.one\/fr\/#website"},"primaryImageOfPage":{"@id":"https:\/\/onlinemarketing.one\/fr\/plugins\/plugin-wordpress-woocommerce-liens-directs-a-la-caisse\/#primaryimage"},"image":{"@id":"https:\/\/onlinemarketing.one\/fr\/plugins\/plugin-wordpress-woocommerce-liens-directs-a-la-caisse\/#primaryimage"},"thumbnailUrl":"https:\/\/onlinemarketing.one\/wp-content\/uploads\/2024\/06\/stephan-czaja-wordpress-seo-plugin-online-marketing-one-casual.jpg","datePublished":"2024-07-21T16:44:11+00:00","dateModified":"2024-08-23T07:49:12+00:00","breadcrumb":{"@id":"https:\/\/onlinemarketing.one\/fr\/plugins\/plugin-wordpress-woocommerce-liens-directs-a-la-caisse\/#breadcrumb"},"inLanguage":"fr-FR","potentialAction":[{"@type":"ReadAction","target":["https:\/\/onlinemarketing.one\/fr\/plugins\/plugin-wordpress-woocommerce-liens-directs-a-la-caisse\/"]}]},{"@type":"ImageObject","inLanguage":"fr-FR","@id":"https:\/\/onlinemarketing.one\/fr\/plugins\/plugin-wordpress-woocommerce-liens-directs-a-la-caisse\/#primaryimage","url":"https:\/\/onlinemarketing.one\/wp-content\/uploads\/2024\/06\/stephan-czaja-wordpress-seo-plugin-online-marketing-one-casual.jpg","contentUrl":"https:\/\/onlinemarketing.one\/wp-content\/uploads\/2024\/06\/stephan-czaja-wordpress-seo-plugin-online-marketing-one-casual.jpg"},{"@type":"BreadcrumbList","@id":"https:\/\/onlinemarketing.one\/fr\/plugins\/plugin-wordpress-woocommerce-liens-directs-a-la-caisse\/#breadcrumb","itemListElement":[{"@type":"ListItem","position":1,"name":"Home","item":"https:\/\/onlinemarketing.one\/fr\/"},{"@type":"ListItem","position":2,"name":"Plugins","item":"https:\/\/onlinemarketing.one\/fr\/plugins\/"},{"@type":"ListItem","position":3,"name":"Plugin WordPress : WooCommerce Liens directs \u00e0 la caisse"}]},{"@type":"WebSite","@id":"https:\/\/onlinemarketing.one\/fr\/#website","url":"https:\/\/onlinemarketing.one\/fr\/","name":"Online Marketing One","description":"WordPress SEO Plugin &amp; Wissen","publisher":{"@id":"https:\/\/onlinemarketing.one\/fr\/#organization"},"potentialAction":[{"@type":"SearchAction","target":{"@type":"EntryPoint","urlTemplate":"https:\/\/onlinemarketing.one\/fr\/?s={search_term_string}"},"query-input":{"@type":"PropertyValueSpecification","valueRequired":true,"valueName":"search_term_string"}}],"inLanguage":"fr-FR"},{"@type":"Organization","@id":"https:\/\/onlinemarketing.one\/fr\/#organization","name":"Online Marketing One | WordPress SEO Plugin","url":"https:\/\/onlinemarketing.one\/fr\/","logo":{"@type":"ImageObject","inLanguage":"fr-FR","@id":"https:\/\/onlinemarketing.one\/fr\/#\/schema\/logo\/image\/","url":"https:\/\/onlinemarketing.one\/wp-content\/uploads\/2024\/06\/plugin-wordpress-seo-link-building-automatic.jpg","contentUrl":"https:\/\/onlinemarketing.one\/wp-content\/uploads\/2024\/06\/plugin-wordpress-seo-link-building-automatic.jpg","width":480,"height":480,"caption":"Online Marketing One | WordPress SEO Plugin"},"image":{"@id":"https:\/\/onlinemarketing.one\/fr\/#\/schema\/logo\/image\/"},"sameAs":["https:\/\/www.instagram.com\/lukinski\/","https:\/\/www.youtube.com\/channel\/UCzOLH93prKp0eKVUaQVK_Tw"]}]}},"_links":{"self":[{"href":"https:\/\/onlinemarketing.one\/fr\/wp-json\/wp\/v2\/pages\/4583"}],"collection":[{"href":"https:\/\/onlinemarketing.one\/fr\/wp-json\/wp\/v2\/pages"}],"about":[{"href":"https:\/\/onlinemarketing.one\/fr\/wp-json\/wp\/v2\/types\/page"}],"author":[{"embeddable":true,"href":"https:\/\/onlinemarketing.one\/fr\/wp-json\/wp\/v2\/users\/1"}],"replies":[{"embeddable":true,"href":"https:\/\/onlinemarketing.one\/fr\/wp-json\/wp\/v2\/comments?post=4583"}],"version-history":[{"count":0,"href":"https:\/\/onlinemarketing.one\/fr\/wp-json\/wp\/v2\/pages\/4583\/revisions"}],"up":[{"embeddable":true,"href":"https:\/\/onlinemarketing.one\/fr\/wp-json\/wp\/v2\/pages\/4555"}],"wp:attachment":[{"href":"https:\/\/onlinemarketing.one\/fr\/wp-json\/wp\/v2\/media?parent=4583"}],"curies":[{"name":"wp","href":"https:\/\/api.w.org\/{rel}","templated":true}]}}