{"id":4591,"date":"2024-08-21T21:07:17","date_gmt":"2024-08-21T19:07:17","guid":{"rendered":"https:\/\/onlinemarketing.one\/plugin-wordpress-protection-par-mot-de-passe-jeu-style-pong\/"},"modified":"2024-08-23T09:49:55","modified_gmt":"2024-08-23T07:49:55","slug":"plugin-wordpress-protection-par-mot-de-passe-jeu-style-pong","status":"publish","type":"page","link":"https:\/\/onlinemarketing.one\/fr\/plugins\/plugin-wordpress-protection-par-mot-de-passe-jeu-style-pong\/","title":{"rendered":"Plugin WordPress Protection par mot de passe + jeu (style Pong)"},"content":{"rendered":"\n<style type=\"text\/css\" data-created_by=\"avia_inline_auto\" id=\"style-css-av-m048181o-9ae284c84fa7eee08bf34b80eb4b90b2\">\n.avia-section.av-m048181o-9ae284c84fa7eee08bf34b80eb4b90b2{\nbackground-repeat:no-repeat;\nbackground-image:url(https:\/\/onlinemarketing.one\/wp-content\/uploads\/2024\/08\/wordpress-plugin-passwort-schutz-startseite-spiel-integriert-box-banner.jpg);\nbackground-position:50% 50%;\nbackground-attachment:scroll;\n}\n<\/style>\n<div id='av_section_1'  class='avia-section av-m048181o-9ae284c84fa7eee08bf34b80eb4b90b2 main_color avia-section-default avia-no-border-styling  avia-builder-el-0  el_before_av_section  avia-builder-el-first  avia-full-stretch avia-bg-style-scroll av-minimum-height av-minimum-height-75  container_wrap fullsize'  data-section-bg-repeat='stretch' data-av_minimum_height_pc='75'><div class='container av-section-cont-open' ><main  role=\"main\" itemprop=\"mainContentOfPage\"  class='template-page content  av-content-full alpha units'><div class='post-entry post-entry-type-page post-entry-4591'><div class='entry-content-wrapper clearfix'>\n\n<style type=\"text\/css\" data-created_by=\"avia_inline_auto\" id=\"style-css-av-m0481tzd-ed2bf5e8b56520a94abb04d84ac59dc9\">\n#top .av_textblock_section.av-m0481tzd-ed2bf5e8b56520a94abb04d84ac59dc9 .avia_textblock{\ncolor:#ffffff;\n}\n<\/style>\n<section  class='av_textblock_section av-m0481tzd-ed2bf5e8b56520a94abb04d84ac59dc9'  itemscope=\"itemscope\" itemtype=\"https:\/\/schema.org\/CreativeWork\" ><div class='avia_textblock av_inherit_color'  itemprop=\"text\" ><p class=\"text-teaser-white\">WordPress<br \/>\nPlugin<br \/>\nMot de passe<br \/>\nProtection<br \/>\n+ jeu<\/p>\n<p class=\"text-teaser-white-sub\">Seulement <strong>9,99 \u20ac <\/strong>hors TVA (une fois)<\/p>\n<\/div><\/section>\n<div  class='avia-button-wrap av-m0486ryd-9324715953b1332b4e4d44ba7a287963-wrap avia-button-left  avia-builder-el-2  el_after_av_textblock  avia-builder-el-last ' ><a href='https:\/\/onlinemarketing.one\/shop\/kasse\/?add-to-cart=4268'  class='avia-button av-m0486ryd-9324715953b1332b4e4d44ba7a287963 avia-icon_select-no avia-size-x-large avia-position-left avia-color-theme-color' ><span class='avia_iconbox_title' >jetzt kaufen<\/span><\/a><\/div>\n<\/div><\/div><\/main><!-- close content main element --><\/div><\/div><div id='av_section_2'  class='avia-section av-av_section-f716ba51e7bf82947c918c6ed882cb73 main_color avia-section-default avia-no-border-styling  avia-builder-el-3  el_after_av_section  avia-builder-el-last  avia-bg-style-scroll container_wrap fullsize'  ><div class='container av-section-cont-open' ><div class='template-page content  av-content-full alpha units'><div class='post-entry post-entry-type-page post-entry-4591'><div class='entry-content-wrapper clearfix'>\n<section  class='av_textblock_section av-m0484pxk-67429928226df1e8cb72f6ec431f1634'  itemscope=\"itemscope\" itemtype=\"https:\/\/schema.org\/CreativeWork\" ><div class='avia_textblock'  itemprop=\"text\" ><h2>T\u00e9l\u00e9charger maintenant !<\/h2>\n<p><img decoding=\"async\" class=\"alignright\" style=\"border-radius: 50%; width: 135px; height: 135px;\" src=\"https:\/\/onlinemarketing.one\/wp-content\/uploads\/2024\/06\/stephan-czaja-wordpress-seo-plugin-online-marketing-one-casual.jpg\" alt=\"\" \/><\/p>\n<p>R\u00e9paration du site web, temps d&rsquo;attente avant le lancement d&rsquo;un projet en ligne, avec ce plugin, l&rsquo;attente devient un plaisir. Je n&rsquo;en avais pas trouv\u00e9 de bon moi-m\u00eame, tout \u00e9tait trop vaste. Petit, vite charg\u00e9, mon conseil pour ton mode de maintenance ou de lancement.<\/p>\n<p>Avec de nombreuses fonctionnalit\u00e9s<\/p>\n<ul>\n<li>Une protection simple par mot de passe pour ton WordPress<\/li>\n<li>Compte \u00e0 rebours jusqu&rsquo;au lancement<\/li>\n<li>Traduire dans toutes les langues<\/li>\n<li>Modifier l&rsquo;arri\u00e8re-plan (couleur, image et vid\u00e9o)<\/li>\n<li>Bonus : jeu de style \u00ab\u00a0Pong<\/li>\n<\/ul>\n<\/div><\/section>\n<div  class='avia-button-wrap av-m0486jp8-18e862cc3db75f698eb51b6de4c8499f-wrap avia-button-left  avia-builder-el-5  el_after_av_textblock  avia-builder-el-last ' ><a href='https:\/\/onlinemarketing.one\/shop\/kasse\/?add-to-cart=4268'  class='avia-button av-m0486jp8-18e862cc3db75f698eb51b6de4c8499f avia-icon_select-no avia-size-x-large avia-position-left avia-color-theme-color' ><span class='avia_iconbox_title' >jetzt kaufen<\/span><\/a><\/div>\n<\/p>\n","protected":false},"excerpt":{"rendered":"","protected":false},"author":1,"featured_media":0,"parent":4555,"menu_order":0,"comment_status":"closed","ping_status":"closed","template":"","meta":{"pmpro_default_level":"","footnotes":""},"class_list":["post-4591","page","type-page","status-publish","hentry","pmpro-has-access"],"yoast_head":"<!-- This site is optimized with the Yoast SEO Premium plugin v22.9 (Yoast SEO v25.6) - https:\/\/yoast.com\/wordpress\/plugins\/seo\/ -->\n<title>Plugin WordPress Protection par mot de passe + jeu (style Pong) - Online Marketing One<\/title>\n<meta name=\"robots\" content=\"index, follow, max-snippet:-1, max-image-preview:large, max-video-preview:-1\" \/>\n<link rel=\"canonical\" href=\"https:\/\/onlinemarketing.one\/fr\/plugins\/plugin-wordpress-protection-par-mot-de-passe-jeu-style-pong\/\" \/>\n<meta property=\"og:locale\" content=\"fr_FR\" \/>\n<meta property=\"og:type\" content=\"article\" \/>\n<meta property=\"og:title\" content=\"Plugin WordPress Protection par mot de passe + jeu (style Pong)\" \/>\n<meta property=\"og:url\" content=\"https:\/\/onlinemarketing.one\/fr\/plugins\/plugin-wordpress-protection-par-mot-de-passe-jeu-style-pong\/\" \/>\n<meta property=\"og:site_name\" content=\"Online Marketing One\" \/>\n<meta property=\"article:modified_time\" content=\"2024-08-23T07:49:55+00:00\" \/>\n<meta property=\"og:image\" content=\"https:\/\/onlinemarketing.one\/wp-content\/uploads\/2024\/06\/stephan-czaja-wordpress-seo-plugin-online-marketing-one-casual.jpg\" \/>\n<meta name=\"twitter:card\" content=\"summary_large_image\" \/>\n<script type=\"application\/ld+json\" class=\"yoast-schema-graph\">{\"@context\":\"https:\/\/schema.org\",\"@graph\":[{\"@type\":\"WebPage\",\"@id\":\"https:\/\/onlinemarketing.one\/fr\/plugins\/plugin-wordpress-protection-par-mot-de-passe-jeu-style-pong\/\",\"url\":\"https:\/\/onlinemarketing.one\/fr\/plugins\/plugin-wordpress-protection-par-mot-de-passe-jeu-style-pong\/\",\"name\":\"Plugin WordPress Protection par mot de passe + jeu (style Pong) - Online Marketing One\",\"isPartOf\":{\"@id\":\"https:\/\/onlinemarketing.one\/fr\/#website\"},\"primaryImageOfPage\":{\"@id\":\"https:\/\/onlinemarketing.one\/fr\/plugins\/plugin-wordpress-protection-par-mot-de-passe-jeu-style-pong\/#primaryimage\"},\"image\":{\"@id\":\"https:\/\/onlinemarketing.one\/fr\/plugins\/plugin-wordpress-protection-par-mot-de-passe-jeu-style-pong\/#primaryimage\"},\"thumbnailUrl\":\"https:\/\/onlinemarketing.one\/wp-content\/uploads\/2024\/06\/stephan-czaja-wordpress-seo-plugin-online-marketing-one-casual.jpg\",\"datePublished\":\"2024-08-21T19:07:17+00:00\",\"dateModified\":\"2024-08-23T07:49:55+00:00\",\"breadcrumb\":{\"@id\":\"https:\/\/onlinemarketing.one\/fr\/plugins\/plugin-wordpress-protection-par-mot-de-passe-jeu-style-pong\/#breadcrumb\"},\"inLanguage\":\"fr-FR\",\"potentialAction\":[{\"@type\":\"ReadAction\",\"target\":[\"https:\/\/onlinemarketing.one\/fr\/plugins\/plugin-wordpress-protection-par-mot-de-passe-jeu-style-pong\/\"]}]},{\"@type\":\"ImageObject\",\"inLanguage\":\"fr-FR\",\"@id\":\"https:\/\/onlinemarketing.one\/fr\/plugins\/plugin-wordpress-protection-par-mot-de-passe-jeu-style-pong\/#primaryimage\",\"url\":\"https:\/\/onlinemarketing.one\/wp-content\/uploads\/2024\/06\/stephan-czaja-wordpress-seo-plugin-online-marketing-one-casual.jpg\",\"contentUrl\":\"https:\/\/onlinemarketing.one\/wp-content\/uploads\/2024\/06\/stephan-czaja-wordpress-seo-plugin-online-marketing-one-casual.jpg\"},{\"@type\":\"BreadcrumbList\",\"@id\":\"https:\/\/onlinemarketing.one\/fr\/plugins\/plugin-wordpress-protection-par-mot-de-passe-jeu-style-pong\/#breadcrumb\",\"itemListElement\":[{\"@type\":\"ListItem\",\"position\":1,\"name\":\"Home\",\"item\":\"https:\/\/onlinemarketing.one\/fr\/\"},{\"@type\":\"ListItem\",\"position\":2,\"name\":\"Plugins\",\"item\":\"https:\/\/onlinemarketing.one\/fr\/plugins\/\"},{\"@type\":\"ListItem\",\"position\":3,\"name\":\"Plugin WordPress Protection par mot de passe + jeu (style Pong)\"}]},{\"@type\":\"WebSite\",\"@id\":\"https:\/\/onlinemarketing.one\/fr\/#website\",\"url\":\"https:\/\/onlinemarketing.one\/fr\/\",\"name\":\"Online Marketing One\",\"description\":\"WordPress SEO Plugin &amp; Wissen\",\"publisher\":{\"@id\":\"https:\/\/onlinemarketing.one\/fr\/#organization\"},\"potentialAction\":[{\"@type\":\"SearchAction\",\"target\":{\"@type\":\"EntryPoint\",\"urlTemplate\":\"https:\/\/onlinemarketing.one\/fr\/?s={search_term_string}\"},\"query-input\":{\"@type\":\"PropertyValueSpecification\",\"valueRequired\":true,\"valueName\":\"search_term_string\"}}],\"inLanguage\":\"fr-FR\"},{\"@type\":\"Organization\",\"@id\":\"https:\/\/onlinemarketing.one\/fr\/#organization\",\"name\":\"Online Marketing One | WordPress SEO Plugin\",\"url\":\"https:\/\/onlinemarketing.one\/fr\/\",\"logo\":{\"@type\":\"ImageObject\",\"inLanguage\":\"fr-FR\",\"@id\":\"https:\/\/onlinemarketing.one\/fr\/#\/schema\/logo\/image\/\",\"url\":\"https:\/\/onlinemarketing.one\/wp-content\/uploads\/2024\/06\/plugin-wordpress-seo-link-building-automatic.jpg\",\"contentUrl\":\"https:\/\/onlinemarketing.one\/wp-content\/uploads\/2024\/06\/plugin-wordpress-seo-link-building-automatic.jpg\",\"width\":480,\"height\":480,\"caption\":\"Online Marketing One | WordPress SEO Plugin\"},\"image\":{\"@id\":\"https:\/\/onlinemarketing.one\/fr\/#\/schema\/logo\/image\/\"},\"sameAs\":[\"https:\/\/www.instagram.com\/lukinski\/\",\"https:\/\/www.youtube.com\/channel\/UCzOLH93prKp0eKVUaQVK_Tw\"]}]}<\/script>\n<!-- \/ Yoast SEO Premium plugin. -->","yoast_head_json":{"title":"Plugin WordPress Protection par mot de passe + jeu (style Pong) - Online Marketing One","robots":{"index":"index","follow":"follow","max-snippet":"max-snippet:-1","max-image-preview":"max-image-preview:large","max-video-preview":"max-video-preview:-1"},"canonical":"https:\/\/onlinemarketing.one\/fr\/plugins\/plugin-wordpress-protection-par-mot-de-passe-jeu-style-pong\/","og_locale":"fr_FR","og_type":"article","og_title":"Plugin WordPress Protection par mot de passe + jeu (style Pong)","og_url":"https:\/\/onlinemarketing.one\/fr\/plugins\/plugin-wordpress-protection-par-mot-de-passe-jeu-style-pong\/","og_site_name":"Online Marketing One","article_modified_time":"2024-08-23T07:49:55+00:00","og_image":[{"url":"https:\/\/onlinemarketing.one\/wp-content\/uploads\/2024\/06\/stephan-czaja-wordpress-seo-plugin-online-marketing-one-casual.jpg","type":"","width":"","height":""}],"twitter_card":"summary_large_image","schema":{"@context":"https:\/\/schema.org","@graph":[{"@type":"WebPage","@id":"https:\/\/onlinemarketing.one\/fr\/plugins\/plugin-wordpress-protection-par-mot-de-passe-jeu-style-pong\/","url":"https:\/\/onlinemarketing.one\/fr\/plugins\/plugin-wordpress-protection-par-mot-de-passe-jeu-style-pong\/","name":"Plugin WordPress Protection par mot de passe + jeu (style Pong) - Online Marketing One","isPartOf":{"@id":"https:\/\/onlinemarketing.one\/fr\/#website"},"primaryImageOfPage":{"@id":"https:\/\/onlinemarketing.one\/fr\/plugins\/plugin-wordpress-protection-par-mot-de-passe-jeu-style-pong\/#primaryimage"},"image":{"@id":"https:\/\/onlinemarketing.one\/fr\/plugins\/plugin-wordpress-protection-par-mot-de-passe-jeu-style-pong\/#primaryimage"},"thumbnailUrl":"https:\/\/onlinemarketing.one\/wp-content\/uploads\/2024\/06\/stephan-czaja-wordpress-seo-plugin-online-marketing-one-casual.jpg","datePublished":"2024-08-21T19:07:17+00:00","dateModified":"2024-08-23T07:49:55+00:00","breadcrumb":{"@id":"https:\/\/onlinemarketing.one\/fr\/plugins\/plugin-wordpress-protection-par-mot-de-passe-jeu-style-pong\/#breadcrumb"},"inLanguage":"fr-FR","potentialAction":[{"@type":"ReadAction","target":["https:\/\/onlinemarketing.one\/fr\/plugins\/plugin-wordpress-protection-par-mot-de-passe-jeu-style-pong\/"]}]},{"@type":"ImageObject","inLanguage":"fr-FR","@id":"https:\/\/onlinemarketing.one\/fr\/plugins\/plugin-wordpress-protection-par-mot-de-passe-jeu-style-pong\/#primaryimage","url":"https:\/\/onlinemarketing.one\/wp-content\/uploads\/2024\/06\/stephan-czaja-wordpress-seo-plugin-online-marketing-one-casual.jpg","contentUrl":"https:\/\/onlinemarketing.one\/wp-content\/uploads\/2024\/06\/stephan-czaja-wordpress-seo-plugin-online-marketing-one-casual.jpg"},{"@type":"BreadcrumbList","@id":"https:\/\/onlinemarketing.one\/fr\/plugins\/plugin-wordpress-protection-par-mot-de-passe-jeu-style-pong\/#breadcrumb","itemListElement":[{"@type":"ListItem","position":1,"name":"Home","item":"https:\/\/onlinemarketing.one\/fr\/"},{"@type":"ListItem","position":2,"name":"Plugins","item":"https:\/\/onlinemarketing.one\/fr\/plugins\/"},{"@type":"ListItem","position":3,"name":"Plugin WordPress Protection par mot de passe + jeu (style Pong)"}]},{"@type":"WebSite","@id":"https:\/\/onlinemarketing.one\/fr\/#website","url":"https:\/\/onlinemarketing.one\/fr\/","name":"Online Marketing One","description":"WordPress SEO Plugin &amp; Wissen","publisher":{"@id":"https:\/\/onlinemarketing.one\/fr\/#organization"},"potentialAction":[{"@type":"SearchAction","target":{"@type":"EntryPoint","urlTemplate":"https:\/\/onlinemarketing.one\/fr\/?s={search_term_string}"},"query-input":{"@type":"PropertyValueSpecification","valueRequired":true,"valueName":"search_term_string"}}],"inLanguage":"fr-FR"},{"@type":"Organization","@id":"https:\/\/onlinemarketing.one\/fr\/#organization","name":"Online Marketing One | WordPress SEO Plugin","url":"https:\/\/onlinemarketing.one\/fr\/","logo":{"@type":"ImageObject","inLanguage":"fr-FR","@id":"https:\/\/onlinemarketing.one\/fr\/#\/schema\/logo\/image\/","url":"https:\/\/onlinemarketing.one\/wp-content\/uploads\/2024\/06\/plugin-wordpress-seo-link-building-automatic.jpg","contentUrl":"https:\/\/onlinemarketing.one\/wp-content\/uploads\/2024\/06\/plugin-wordpress-seo-link-building-automatic.jpg","width":480,"height":480,"caption":"Online Marketing One | WordPress SEO Plugin"},"image":{"@id":"https:\/\/onlinemarketing.one\/fr\/#\/schema\/logo\/image\/"},"sameAs":["https:\/\/www.instagram.com\/lukinski\/","https:\/\/www.youtube.com\/channel\/UCzOLH93prKp0eKVUaQVK_Tw"]}]}},"_links":{"self":[{"href":"https:\/\/onlinemarketing.one\/fr\/wp-json\/wp\/v2\/pages\/4591"}],"collection":[{"href":"https:\/\/onlinemarketing.one\/fr\/wp-json\/wp\/v2\/pages"}],"about":[{"href":"https:\/\/onlinemarketing.one\/fr\/wp-json\/wp\/v2\/types\/page"}],"author":[{"embeddable":true,"href":"https:\/\/onlinemarketing.one\/fr\/wp-json\/wp\/v2\/users\/1"}],"replies":[{"embeddable":true,"href":"https:\/\/onlinemarketing.one\/fr\/wp-json\/wp\/v2\/comments?post=4591"}],"version-history":[{"count":0,"href":"https:\/\/onlinemarketing.one\/fr\/wp-json\/wp\/v2\/pages\/4591\/revisions"}],"up":[{"embeddable":true,"href":"https:\/\/onlinemarketing.one\/fr\/wp-json\/wp\/v2\/pages\/4555"}],"wp:attachment":[{"href":"https:\/\/onlinemarketing.one\/fr\/wp-json\/wp\/v2\/media?parent=4591"}],"curies":[{"name":"wp","href":"https:\/\/api.w.org\/{rel}","templated":true}]}}